{"id":699,"date":"2020-06-25T20:12:57","date_gmt":"2020-06-25T20:12:57","guid":{"rendered":"http:\/\/www.untels.edu.pe\/vicerrectoradodeinvestigacion\/?page_id=699"},"modified":"2022-06-17T02:46:47","modified_gmt":"2022-06-17T02:46:47","slug":"convocatoria-de-adquisiciones","status":"publish","type":"page","link":"https:\/\/www.untels.edu.pe\/vicerrectoradodeinvestigacion\/produccion-cientifica\/proyectos-externos\/convocatoria-de-adquisiciones\/","title":{"rendered":"Convocatoria de Adquisiciones"},"content":{"rendered":"\t\t<div data-elementor-type=\"wp-page\" data-elementor-id=\"699\" class=\"elementor elementor-699\">\n\t\t\t\t\t\t\t\t\t<section class=\"elementor-section elementor-top-section elementor-element elementor-element-3ede12b elementor-section-full_width elementor-section-height-default elementor-section-height-default\" data-id=\"3ede12b\" data-element_type=\"section\">\n\t\t\t\t\t\t<div class=\"elementor-container elementor-column-gap-default\">\n\t\t\t\t\t<div class=\"elementor-column elementor-col-100 elementor-top-column elementor-element elementor-element-0886e98\" data-id=\"0886e98\" data-element_type=\"column\">\n\t\t\t<div class=\"elementor-widget-wrap\">\n\t\t\t\t\t\t\t\t\t<\/div>\n\t\t<\/div>\n\t\t\t\t\t\t\t<\/div>\n\t\t<\/section>\n\t\t\t\t<section class=\"elementor-section elementor-top-section elementor-element elementor-element-080947c elementor-section-full_width elementor-section-height-default elementor-section-height-default\" data-id=\"080947c\" data-element_type=\"section\">\n\t\t\t\t\t\t<div class=\"elementor-container elementor-column-gap-no\">\n\t\t\t\t\t<div class=\"elementor-column elementor-col-100 elementor-top-column elementor-element elementor-element-cfb2d25\" data-id=\"cfb2d25\" data-element_type=\"column\">\n\t\t\t<div class=\"elementor-widget-wrap elementor-element-populated\">\n\t\t\t\t\t\t\t\t<div class=\"elementor-element elementor-element-7573667 eael_simple_menu_hamburger_disable_selected_menu_no eael-simple-menu-hamburger-align-right eael-hamburger--tablet elementor-widget elementor-widget-eael-simple-menu\" data-id=\"7573667\" data-element_type=\"widget\" data-widget_type=\"eael-simple-menu.default\">\n\t\t\t\t<div class=\"elementor-widget-container\">\n\t\t\t<style>\n                        @media screen and (max-width: 1024px) {\n                            .eael-hamburger--tablet {\n                                .eael-simple-menu-horizontal,\n                                .eael-simple-menu-vertical {\n                                    display: none;\n                                }\n                            }\n                            .eael-hamburger--tablet {\n                                .eael-simple-menu-container .eael-simple-menu-toggle {\n                                    display: block;\n                                }\n                            }\n                        }\n                    <\/style>            <div data-hamburger-icon=\"&lt;i aria-hidden=&quot;true&quot; class=&quot;fas fa-bars&quot;&gt;&lt;\/i&gt;\" data-indicator-icon=\"&lt;i aria-hidden=&quot;true&quot; class=&quot;fas fa-angle-down&quot;&gt;&lt;\/i&gt;\" data-dropdown-indicator-icon=\"&lt;i class=&quot;fas fa-angle-down&quot;&gt;&lt;\/i&gt;\" class=\"eael-simple-menu-container eael-simple-menu-align-center eael-simple-menu-dropdown-align-left preset-2\" data-hamburger-breakpoints=\"{&quot;mobile&quot;:&quot;M\\u00f3vil en Retrato (&gt; 767px)&quot;,&quot;tablet&quot;:&quot;Tableta vertical (&gt; 1024px)&quot;,&quot;desktop&quot;:&quot;Desktop (&gt; 2400px)&quot;,&quot;none&quot;:&quot;Nada&quot;}\" data-hamburger-device=\"tablet\">\n                <ul id=\"menu-menu-principal\" class=\"eael-simple-menu eael-simple-menu-dropdown-animate-to-top eael-simple-menu-indicator eael-simple-menu-horizontal\"><li id=\"menu-item-64\" class=\"menu-item menu-item-type-post_type menu-item-object-page menu-item-home menu-item-64\"><a href=\"https:\/\/www.untels.edu.pe\/vicerrectoradodeinvestigacion\/\">Inicio<\/a><\/li>\n<li id=\"menu-item-301\" class=\"menu-item menu-item-type-custom menu-item-object-custom menu-item-has-children menu-item-301\"><a href=\"#\" aria-haspopup=\"true\" aria-expanded=\"false\">Nosotros<\/a>\n<ul class=\"sub-menu\">\n\t<li id=\"menu-item-302\" class=\"menu-item menu-item-type-post_type menu-item-object-page menu-item-302\"><a href=\"https:\/\/www.untels.edu.pe\/vicerrectoradodeinvestigacion\/nosotros\/sobre-el-vri-untels\/\">Sobre el VRI \u2013 UNTELS<\/a><\/li>\n\t<li id=\"menu-item-329\" class=\"menu-item menu-item-type-post_type menu-item-object-page menu-item-329\"><a href=\"https:\/\/www.untels.edu.pe\/vicerrectoradodeinvestigacion\/nosotros\/organizacion\/\">Organizaci\u00f3n<\/a><\/li>\n\t<li id=\"menu-item-341\" class=\"menu-item menu-item-type-post_type menu-item-object-page menu-item-341\"><a href=\"https:\/\/www.untels.edu.pe\/vicerrectoradodeinvestigacion\/nosotros\/directorio\/\">Directorio<\/a><\/li>\n\t<li id=\"menu-item-346\" class=\"menu-item menu-item-type-post_type menu-item-object-page menu-item-346\"><a href=\"https:\/\/www.untels.edu.pe\/vicerrectoradodeinvestigacion\/nosotros\/normas-de-investigacion\/\">Normas de Investigaci\u00f3n<\/a><\/li>\n<\/ul>\n<\/li>\n<li id=\"menu-item-183\" class=\"menu-item menu-item-type-custom menu-item-object-custom menu-item-has-children menu-item-183\"><a href=\"#\" aria-haspopup=\"true\" aria-expanded=\"false\">Investigadores<\/a>\n<ul class=\"sub-menu\">\n\t<li id=\"menu-item-1200\" class=\"menu-item menu-item-type-post_type menu-item-object-page menu-item-1200\"><a href=\"https:\/\/www.untels.edu.pe\/vicerrectoradodeinvestigacion\/investigadores\/diplomados-de-investigadores\/\">Capacitaciones de los Investigadores<\/a><\/li>\n\t<li id=\"menu-item-216\" class=\"menu-item menu-item-type-post_type menu-item-object-page menu-item-216\"><a href=\"https:\/\/www.untels.edu.pe\/vicerrectoradodeinvestigacion\/investigadores\/investigadores-untels\/\">Investigadores UNTELS<\/a><\/li>\n\t<li id=\"menu-item-131\" class=\"menu-item menu-item-type-post_type menu-item-object-page menu-item-131\"><a href=\"https:\/\/www.untels.edu.pe\/vicerrectoradodeinvestigacion\/investigadores\/areas-de-investigacion\/\">\u00c1reas de Investigaci\u00f3n<\/a><\/li>\n\t<li id=\"menu-item-228\" class=\"menu-item menu-item-type-post_type menu-item-object-page menu-item-228\"><a href=\"https:\/\/www.untels.edu.pe\/vicerrectoradodeinvestigacion\/investigadores\/grupos-de-investigacion\/\">Grupos de Investigaci\u00f3n<\/a><\/li>\n\t<li id=\"menu-item-274\" class=\"menu-item menu-item-type-post_type menu-item-object-page menu-item-274\"><a href=\"https:\/\/www.untels.edu.pe\/vicerrectoradodeinvestigacion\/investigadores\/portal-de-investigadores\/\">Portal de Investigadores<\/a><\/li>\n<\/ul>\n<\/li>\n<li id=\"menu-item-415\" class=\"menu-item menu-item-type-custom menu-item-object-custom menu-item-has-children menu-item-415\"><a href=\"#\" aria-haspopup=\"true\" aria-expanded=\"false\">Producci\u00f3n Cientifica<\/a>\n<ul class=\"sub-menu\">\n\t<li id=\"menu-item-433\" class=\"menu-item menu-item-type-post_type menu-item-object-page menu-item-433\"><a href=\"https:\/\/www.untels.edu.pe\/vicerrectoradodeinvestigacion\/produccion-cientifica\/publicaciones-cientificas\/\">Art\u00edculos Cient\u00edficos<\/a><\/li>\n\t<li id=\"menu-item-484\" class=\"menu-item menu-item-type-post_type menu-item-object-page menu-item-484\"><a href=\"https:\/\/www.untels.edu.pe\/vicerrectoradodeinvestigacion\/produccion-cientifica\/proyectos-de-investigacion-untels\/\">Proyectos UNTELS<\/a><\/li>\n\t<li id=\"menu-item-538\" class=\"menu-item menu-item-type-post_type menu-item-object-page menu-item-538\"><a href=\"https:\/\/www.untels.edu.pe\/vicerrectoradodeinvestigacion\/produccion-cientifica\/proyectos-fondecyt\/\">Proyectos FONDECYT<\/a><\/li>\n\t<li id=\"menu-item-701\" class=\"menu-item menu-item-type-custom menu-item-object-custom menu-item-701\"><a href=\"#\">Convocatoria &#8211; Concursos<\/a><\/li>\n<\/ul>\n<\/li>\n<li id=\"menu-item-702\" class=\"menu-item menu-item-type-post_type menu-item-object-page menu-item-702\"><a href=\"https:\/\/www.untels.edu.pe\/vicerrectoradodeinvestigacion\/produccion-cientifica\/proyectos-externos\/convocatoria-de-adquisiciones\/\">Patentes<\/a><\/li>\n<li id=\"menu-item-602\" class=\"menu-item menu-item-type-custom menu-item-object-custom menu-item-has-children menu-item-602\"><a href=\"#\" aria-haspopup=\"true\" aria-expanded=\"false\">Publicaciones<\/a>\n<ul class=\"sub-menu\">\n\t<li id=\"menu-item-601\" class=\"menu-item menu-item-type-post_type menu-item-object-page menu-item-601\"><a href=\"https:\/\/www.untels.edu.pe\/vicerrectoradodeinvestigacion\/publicaciones\/revistas-cientificas-untels\/\">Revista Cient\u00edfica UNTELS<\/a><\/li>\n\t<li id=\"menu-item-600\" class=\"menu-item menu-item-type-post_type menu-item-object-page menu-item-600\"><a href=\"https:\/\/www.untels.edu.pe\/vicerrectoradodeinvestigacion\/publicaciones\/biblioteca-virtual\/\">Biblioteca Virtual<\/a><\/li>\n\t<li id=\"menu-item-599\" class=\"menu-item menu-item-type-post_type menu-item-object-page menu-item-599\"><a href=\"https:\/\/www.untels.edu.pe\/vicerrectoradodeinvestigacion\/publicaciones\/boletin-informativo\/\">Bolet\u00edn Informativo<\/a><\/li>\n\t<li id=\"menu-item-608\" class=\"menu-item menu-item-type-post_type menu-item-object-page menu-item-608\"><a href=\"https:\/\/www.untels.edu.pe\/vicerrectoradodeinvestigacion\/eventos\/eventos-de-divulgacion\/\">Eventos de Divulgaci\u00f3n<\/a><\/li>\n\t<li id=\"menu-item-598\" class=\"menu-item menu-item-type-post_type menu-item-object-page menu-item-598\"><a href=\"https:\/\/www.untels.edu.pe\/vicerrectoradodeinvestigacion\/publicaciones\/videoteca\/\">Videoteca<\/a><\/li>\n<\/ul>\n<\/li>\n<li id=\"menu-item-603\" class=\"menu-item menu-item-type-custom menu-item-object-custom menu-item-has-children menu-item-603\"><a href=\"#\" aria-haspopup=\"true\" aria-expanded=\"false\">Convenios VRI<\/a>\n<ul class=\"sub-menu\">\n\t<li id=\"menu-item-1297\" class=\"menu-item menu-item-type-post_type menu-item-object-page menu-item-1297\"><a href=\"https:\/\/www.untels.edu.pe\/vicerrectoradodeinvestigacion\/eventos\/eventos-de-divulgacion\/\">Convenios VRI<\/a><\/li>\n<\/ul>\n<\/li>\n<li id=\"menu-item-1240\" class=\"menu-item menu-item-type-custom menu-item-object-custom menu-item-1240\"><a href=\"http:\/\/fondoeditorial.untels.edu.pe\/\">Fondo Editorial<\/a><\/li>\n<li id=\"menu-item-1769\" class=\"menu-item menu-item-type-custom menu-item-object-custom menu-item-1769\"><a href=\"https:\/\/consultauntels.com\/\">Valida tu Certificado<\/a><\/li>\n<\/ul>                <button class=\"eael-simple-menu-toggle\">\n                    <i aria-hidden=\"true\" class=\"fas fa-bars\"><\/i>                <\/button>\n            <\/div>\n            \t\t<\/div>\n\t\t\t\t<\/div>\n\t\t\t\t\t<\/div>\n\t\t<\/div>\n\t\t\t\t\t\t\t<\/div>\n\t\t<\/section>\n\t\t\t\t<section class=\"elementor-section elementor-top-section elementor-element elementor-element-c5c2260 elementor-section-boxed elementor-section-height-default elementor-section-height-default\" data-id=\"c5c2260\" data-element_type=\"section\">\n\t\t\t\t\t\t<div class=\"elementor-container elementor-column-gap-default\">\n\t\t\t\t\t<div class=\"elementor-column elementor-col-100 elementor-top-column elementor-element elementor-element-bc7f54c\" data-id=\"bc7f54c\" data-element_type=\"column\">\n\t\t\t<div class=\"elementor-widget-wrap elementor-element-populated\">\n\t\t\t\t\t\t\t\t<div class=\"elementor-element elementor-element-8da8dca elementor-widget elementor-widget-heading\" data-id=\"8da8dca\" data-element_type=\"widget\" data-widget_type=\"heading.default\">\n\t\t\t\t<div class=\"elementor-widget-container\">\n\t\t\t<p class=\"elementor-heading-title elementor-size-default\">PATENTa 2022<\/p>\t\t<\/div>\n\t\t\t\t<\/div>\n\t\t\t\t<div class=\"elementor-element elementor-element-0d4cb16 elementor-widget elementor-widget-text-editor\" data-id=\"0d4cb16\" data-element_type=\"widget\" data-widget_type=\"text-editor.default\">\n\t\t\t\t<div class=\"elementor-widget-container\">\n\t\t\t\t\t\t\t\t\t\t\t\t\t<\/div>\n\t\t\t\t<\/div>\n\t\t\t\t\t<\/div>\n\t\t<\/div>\n\t\t\t\t\t\t\t<\/div>\n\t\t<\/section>\n\t\t\t\t<section class=\"elementor-section elementor-top-section elementor-element elementor-element-cad6d1c elementor-section-boxed elementor-section-height-default elementor-section-height-default\" data-id=\"cad6d1c\" data-element_type=\"section\">\n\t\t\t\t\t\t<div class=\"elementor-container elementor-column-gap-default\">\n\t\t\t\t\t<div class=\"elementor-column elementor-col-33 elementor-top-column elementor-element elementor-element-0d7e309\" data-id=\"0d7e309\" data-element_type=\"column\">\n\t\t\t<div class=\"elementor-widget-wrap elementor-element-populated\">\n\t\t\t\t\t\t\t\t<div class=\"elementor-element elementor-element-18a2c5b elementor-widget elementor-widget-image\" data-id=\"18a2c5b\" data-element_type=\"widget\" data-widget_type=\"image.default\">\n\t\t\t\t<div class=\"elementor-widget-container\">\n\t\t\t\t\t\t\t\t\t\t\t\t\t\t\t\t<a href=\"http:\/\/www.untels.edu.pe\/vicerrectoradodeinvestigacion\/wp-content\/uploads\/2022\/05\/RCO_N_087-2022-UNTELS.pdf\" target=\"_blank\">\n\t\t\t\t\t\t\t<img loading=\"lazy\" decoding=\"async\" width=\"589\" height=\"816\" src=\"https:\/\/www.untels.edu.pe\/vicerrectoradodeinvestigacion\/wp-content\/uploads\/2022\/05\/Captura-de-pantalla-2022-05-11-103256.jpg\" class=\"attachment-full size-full wp-image-1343\" alt=\"\" srcset=\"https:\/\/www.untels.edu.pe\/vicerrectoradodeinvestigacion\/wp-content\/uploads\/2022\/05\/Captura-de-pantalla-2022-05-11-103256.jpg 589w, https:\/\/www.untels.edu.pe\/vicerrectoradodeinvestigacion\/wp-content\/uploads\/2022\/05\/Captura-de-pantalla-2022-05-11-103256-217x300.jpg 217w\" sizes=\"(max-width: 34.9rem) calc(100vw - 2rem), (max-width: 53rem) calc(8 * (100vw \/ 12)), (min-width: 53rem) calc(6 * (100vw \/ 12)), 100vw\" \/>\t\t\t\t\t\t\t\t<\/a>\n\t\t\t\t\t\t\t\t\t\t\t\t\t\t\t<\/div>\n\t\t\t\t<\/div>\n\t\t\t\t<div class=\"elementor-element elementor-element-254bcc6 elementor-widget elementor-widget-heading\" data-id=\"254bcc6\" data-element_type=\"widget\" data-widget_type=\"heading.default\">\n\t\t\t\t<div class=\"elementor-widget-container\">\n\t\t\t<h2 class=\"elementor-heading-title elementor-size-small\">APROBAR la convocatoria dirigida a la comunidad untelsina, denominada: \u201cPATENTE UNTELS\n2022\u201d, para el financiamiento de los gastos de registro de solicitud de patente de invenci\u00f3n o\npatente de modelo de utilidad, con reporte de viabilidad positivo,<\/h2>\t\t<\/div>\n\t\t\t\t<\/div>\n\t\t\t\t\t<\/div>\n\t\t<\/div>\n\t\t\t\t<div class=\"elementor-column elementor-col-33 elementor-top-column elementor-element elementor-element-7c23128\" data-id=\"7c23128\" data-element_type=\"column\">\n\t\t\t<div class=\"elementor-widget-wrap elementor-element-populated\">\n\t\t\t\t\t\t\t\t<div class=\"elementor-element elementor-element-69c1746 elementor-widget elementor-widget-image\" data-id=\"69c1746\" data-element_type=\"widget\" data-widget_type=\"image.default\">\n\t\t\t\t<div class=\"elementor-widget-container\">\n\t\t\t\t\t\t\t\t\t\t\t\t\t\t\t\t<a href=\"http:\/\/www.untels.edu.pe\/vicerrectoradodeinvestigacion\/wp-content\/uploads\/2022\/05\/TITULO-UNA-MASCARILLA-CON-ESTERILIZACI\u00d3N-UV-C-MEDIANTE-1701-2020-1.pdf\" target=\"_blank\">\n\t\t\t\t\t\t\t<img loading=\"lazy\" decoding=\"async\" width=\"590\" height=\"680\" src=\"https:\/\/www.untels.edu.pe\/vicerrectoradodeinvestigacion\/wp-content\/uploads\/2022\/05\/Captura-de-pantalla-2022-05-11-6451-1.jpg\" class=\"attachment-large size-large wp-image-1347\" alt=\"\" srcset=\"https:\/\/www.untels.edu.pe\/vicerrectoradodeinvestigacion\/wp-content\/uploads\/2022\/05\/Captura-de-pantalla-2022-05-11-6451-1.jpg 590w, https:\/\/www.untels.edu.pe\/vicerrectoradodeinvestigacion\/wp-content\/uploads\/2022\/05\/Captura-de-pantalla-2022-05-11-6451-1-260x300.jpg 260w\" sizes=\"(max-width: 34.9rem) calc(100vw - 2rem), (max-width: 53rem) calc(8 * (100vw \/ 12)), (min-width: 53rem) calc(6 * (100vw \/ 12)), 100vw\" \/>\t\t\t\t\t\t\t\t<\/a>\n\t\t\t\t\t\t\t\t\t\t\t\t\t\t\t<\/div>\n\t\t\t\t<\/div>\n\t\t\t\t<div class=\"elementor-element elementor-element-a3eb836 elementor-widget elementor-widget-heading\" data-id=\"a3eb836\" data-element_type=\"widget\" data-widget_type=\"heading.default\">\n\t\t\t\t<div class=\"elementor-widget-container\">\n\t\t\t<h2 class=\"elementor-heading-title elementor-size-small\">Registro de la Propiedad Industrial\nDirecci\u00f3n de Invenciones y Nuevas Tecnolog\u00edas <\/h2>\t\t<\/div>\n\t\t\t\t<\/div>\n\t\t\t\t\t<\/div>\n\t\t<\/div>\n\t\t\t\t<div class=\"elementor-column elementor-col-33 elementor-top-column elementor-element elementor-element-5c72472\" data-id=\"5c72472\" data-element_type=\"column\">\n\t\t\t<div class=\"elementor-widget-wrap elementor-element-populated\">\n\t\t\t\t\t\t\t\t<div class=\"elementor-element elementor-element-106e2fd elementor-widget elementor-widget-image\" data-id=\"106e2fd\" data-element_type=\"widget\" data-widget_type=\"image.default\">\n\t\t\t\t<div class=\"elementor-widget-container\">\n\t\t\t\t\t\t\t\t\t\t\t\t\t\t\t\t<a href=\"https:\/\/www.patenta.pe\/programa-patenta\" target=\"_blank\">\n\t\t\t\t\t\t\t<img decoding=\"async\" src=\"https:\/\/www.untels.edu.pe\/vicerrectoradodeinvestigacion\/wp-content\/uploads\/2022\/05\/Captura-de-pantalla-2022-05-11-103859.jpg\" title=\"Captura de pantalla 2022-05-11 103859\" alt=\"Captura de pantalla 2022-05-11 103859\" loading=\"lazy\" \/>\t\t\t\t\t\t\t\t<\/a>\n\t\t\t\t\t\t\t\t\t\t\t\t\t\t\t<\/div>\n\t\t\t\t<\/div>\n\t\t\t\t<div class=\"elementor-element elementor-element-4d7a740 elementor-widget elementor-widget-heading\" data-id=\"4d7a740\" data-element_type=\"widget\" data-widget_type=\"heading.default\">\n\t\t\t\t<div class=\"elementor-widget-container\">\n\t\t\t<h2 class=\"elementor-heading-title elementor-size-small\">Programa Patenta 2022, Para Mayor Informaci\u00f3n Dar Click en la imagen<br><\/h2>\t\t<\/div>\n\t\t\t\t<\/div>\n\t\t\t\t\t<\/div>\n\t\t<\/div>\n\t\t\t\t\t\t\t<\/div>\n\t\t<\/section>\n\t\t\t\t<section class=\"elementor-section elementor-top-section elementor-element elementor-element-ba0e4c8 elementor-section-boxed elementor-section-height-default elementor-section-height-default\" data-id=\"ba0e4c8\" data-element_type=\"section\">\n\t\t\t\t\t\t<div class=\"elementor-container elementor-column-gap-default\">\n\t\t\t\t\t<div class=\"elementor-column elementor-col-100 elementor-top-column elementor-element elementor-element-3ca392c\" data-id=\"3ca392c\" data-element_type=\"column\">\n\t\t\t<div class=\"elementor-widget-wrap\">\n\t\t\t\t\t\t\t\t\t<\/div>\n\t\t<\/div>\n\t\t\t\t\t\t\t<\/div>\n\t\t<\/section>\n\t\t\t\t<section class=\"elementor-section elementor-top-section elementor-element elementor-element-25e23ff elementor-section-full_width elementor-section-height-default elementor-section-height-default\" data-id=\"25e23ff\" data-element_type=\"section\">\n\t\t\t\t\t\t<div class=\"elementor-container elementor-column-gap-default\">\n\t\t\t\t\t<div class=\"elementor-column elementor-col-100 elementor-top-column elementor-element elementor-element-012b257\" data-id=\"012b257\" data-element_type=\"column\">\n\t\t\t<div class=\"elementor-widget-wrap\">\n\t\t\t\t\t\t\t\t\t<\/div>\n\t\t<\/div>\n\t\t\t\t\t\t\t<\/div>\n\t\t<\/section>\n\t\t\t\t\t\t\t<\/div>\n\t\t","protected":false},"excerpt":{"rendered":"<p>Inicio Nosotros Sobre el VRI \u2013 UNTELS Organizaci\u00f3n Directorio Normas de Investigaci\u00f3n Investigadores Capacitaciones de los Investigadores Investigadores UNTELS \u00c1reas de Investigaci\u00f3n Grupos de Investigaci\u00f3n Portal de Investigadores Producci\u00f3n Cientifica Art\u00edculos Cient\u00edficos Proyectos UNTELS Proyectos FONDECYT Convocatoria &#8211; Concursos Patentes Publicaciones Revista Cient\u00edfica UNTELS Biblioteca Virtual Bolet\u00edn Informativo Eventos de Divulgaci\u00f3n Videoteca Convenios VPI Convenios &hellip; <\/p>\n<p class=\"link-more\"><a href=\"https:\/\/www.untels.edu.pe\/vicerrectoradodeinvestigacion\/produccion-cientifica\/proyectos-externos\/convocatoria-de-adquisiciones\/\" class=\"more-link\">Continuar leyendo<span class=\"screen-reader-text\"> &#8220;Convocatoria de Adquisiciones&#8221;<\/span><\/a><\/p>\n","protected":false},"author":1,"featured_media":0,"parent":696,"menu_order":19,"comment_status":"closed","ping_status":"closed","template":"elementor_canvas","meta":{"_acf_changed":false,"_eb_attr":"","footnotes":""},"acf":[],"_links":{"self":[{"href":"https:\/\/www.untels.edu.pe\/vicerrectoradodeinvestigacion\/wp-json\/wp\/v2\/pages\/699"}],"collection":[{"href":"https:\/\/www.untels.edu.pe\/vicerrectoradodeinvestigacion\/wp-json\/wp\/v2\/pages"}],"about":[{"href":"https:\/\/www.untels.edu.pe\/vicerrectoradodeinvestigacion\/wp-json\/wp\/v2\/types\/page"}],"author":[{"embeddable":true,"href":"https:\/\/www.untels.edu.pe\/vicerrectoradodeinvestigacion\/wp-json\/wp\/v2\/users\/1"}],"replies":[{"embeddable":true,"href":"https:\/\/www.untels.edu.pe\/vicerrectoradodeinvestigacion\/wp-json\/wp\/v2\/comments?post=699"}],"version-history":[{"count":18,"href":"https:\/\/www.untels.edu.pe\/vicerrectoradodeinvestigacion\/wp-json\/wp\/v2\/pages\/699\/revisions"}],"predecessor-version":[{"id":1453,"href":"https:\/\/www.untels.edu.pe\/vicerrectoradodeinvestigacion\/wp-json\/wp\/v2\/pages\/699\/revisions\/1453"}],"up":[{"embeddable":true,"href":"https:\/\/www.untels.edu.pe\/vicerrectoradodeinvestigacion\/wp-json\/wp\/v2\/pages\/696"}],"wp:attachment":[{"href":"https:\/\/www.untels.edu.pe\/vicerrectoradodeinvestigacion\/wp-json\/wp\/v2\/media?parent=699"}],"curies":[{"name":"wp","href":"https:\/\/api.w.org\/{rel}","templated":true}]}}