{"id":584,"date":"2020-06-22T03:13:51","date_gmt":"2020-06-22T03:13:51","guid":{"rendered":"http:\/\/www.untels.edu.pe\/vicerrectoradodeinvestigacion\/?page_id=584"},"modified":"2022-06-17T02:50:59","modified_gmt":"2022-06-17T02:50:59","slug":"revistas-cientificas-untels","status":"publish","type":"page","link":"https:\/\/www.untels.edu.pe\/vicerrectoradodeinvestigacion\/publicaciones\/revistas-cientificas-untels\/","title":{"rendered":"Revistas Cient\u00edficas UNTELS"},"content":{"rendered":"\t\t<div data-elementor-type=\"wp-page\" data-elementor-id=\"584\" class=\"elementor elementor-584\">\n\t\t\t\t\t\t\t\t\t<section class=\"elementor-section elementor-top-section elementor-element elementor-element-3ede12b elementor-section-full_width elementor-section-height-default elementor-section-height-default\" data-id=\"3ede12b\" data-element_type=\"section\">\n\t\t\t\t\t\t<div class=\"elementor-container elementor-column-gap-default\">\n\t\t\t\t\t<div class=\"elementor-column elementor-col-100 elementor-top-column elementor-element elementor-element-0886e98\" data-id=\"0886e98\" data-element_type=\"column\">\n\t\t\t<div class=\"elementor-widget-wrap\">\n\t\t\t\t\t\t\t\t\t<\/div>\n\t\t<\/div>\n\t\t\t\t\t\t\t<\/div>\n\t\t<\/section>\n\t\t\t\t<section class=\"elementor-section elementor-top-section elementor-element elementor-element-080947c elementor-section-full_width elementor-section-height-default elementor-section-height-default\" data-id=\"080947c\" data-element_type=\"section\">\n\t\t\t\t\t\t<div class=\"elementor-container elementor-column-gap-no\">\n\t\t\t\t\t<div class=\"elementor-column elementor-col-100 elementor-top-column elementor-element elementor-element-cfb2d25\" data-id=\"cfb2d25\" data-element_type=\"column\">\n\t\t\t<div class=\"elementor-widget-wrap elementor-element-populated\">\n\t\t\t\t\t\t\t\t<div class=\"elementor-element elementor-element-bb4ee81 eael_simple_menu_hamburger_disable_selected_menu_no eael-simple-menu-hamburger-align-right eael-hamburger--tablet elementor-widget elementor-widget-eael-simple-menu\" data-id=\"bb4ee81\" data-element_type=\"widget\" data-widget_type=\"eael-simple-menu.default\">\n\t\t\t\t<div class=\"elementor-widget-container\">\n\t\t\t<style>\n                        @media screen and (max-width: 1024px) {\n                            .eael-hamburger--tablet {\n                                .eael-simple-menu-horizontal,\n                                .eael-simple-menu-vertical {\n                                    display: none;\n                                }\n                            }\n                            .eael-hamburger--tablet {\n                                .eael-simple-menu-container .eael-simple-menu-toggle {\n                                    display: block;\n                                }\n                            }\n                        }\n                    <\/style>            <div data-hamburger-icon=\"&lt;i aria-hidden=&quot;true&quot; class=&quot;fas fa-bars&quot;&gt;&lt;\/i&gt;\" data-indicator-icon=\"&lt;i aria-hidden=&quot;true&quot; class=&quot;fas fa-angle-down&quot;&gt;&lt;\/i&gt;\" data-dropdown-indicator-icon=\"&lt;i class=&quot;fas fa-angle-down&quot;&gt;&lt;\/i&gt;\" class=\"eael-simple-menu-container eael-simple-menu-align-center eael-simple-menu-dropdown-align-left preset-2\" data-hamburger-breakpoints=\"{&quot;mobile&quot;:&quot;M\\u00f3vil en Retrato (&gt; 767px)&quot;,&quot;tablet&quot;:&quot;Tableta vertical (&gt; 1024px)&quot;,&quot;desktop&quot;:&quot;Desktop (&gt; 2400px)&quot;,&quot;none&quot;:&quot;Nada&quot;}\" data-hamburger-device=\"tablet\">\n                <ul id=\"menu-menu-principal\" class=\"eael-simple-menu eael-simple-menu-dropdown-animate-to-top eael-simple-menu-indicator eael-simple-menu-horizontal\"><li id=\"menu-item-64\" class=\"menu-item menu-item-type-post_type menu-item-object-page menu-item-home menu-item-64\"><a href=\"https:\/\/www.untels.edu.pe\/vicerrectoradodeinvestigacion\/\">Inicio<\/a><\/li>\n<li id=\"menu-item-301\" class=\"menu-item menu-item-type-custom menu-item-object-custom menu-item-has-children menu-item-301\"><a href=\"#\" aria-haspopup=\"true\" aria-expanded=\"false\">Nosotros<\/a>\n<ul class=\"sub-menu\">\n\t<li id=\"menu-item-302\" class=\"menu-item menu-item-type-post_type menu-item-object-page menu-item-302\"><a href=\"https:\/\/www.untels.edu.pe\/vicerrectoradodeinvestigacion\/nosotros\/sobre-el-vri-untels\/\">Sobre el VRI \u2013 UNTELS<\/a><\/li>\n\t<li id=\"menu-item-329\" class=\"menu-item menu-item-type-post_type menu-item-object-page menu-item-329\"><a href=\"https:\/\/www.untels.edu.pe\/vicerrectoradodeinvestigacion\/nosotros\/organizacion\/\">Organizaci\u00f3n<\/a><\/li>\n\t<li id=\"menu-item-341\" class=\"menu-item menu-item-type-post_type menu-item-object-page menu-item-341\"><a href=\"https:\/\/www.untels.edu.pe\/vicerrectoradodeinvestigacion\/nosotros\/directorio\/\">Directorio<\/a><\/li>\n\t<li id=\"menu-item-346\" class=\"menu-item menu-item-type-post_type menu-item-object-page menu-item-346\"><a href=\"https:\/\/www.untels.edu.pe\/vicerrectoradodeinvestigacion\/nosotros\/normas-de-investigacion\/\">Normas de Investigaci\u00f3n<\/a><\/li>\n<\/ul>\n<\/li>\n<li id=\"menu-item-183\" class=\"menu-item menu-item-type-custom menu-item-object-custom menu-item-has-children menu-item-183\"><a href=\"#\" aria-haspopup=\"true\" aria-expanded=\"false\">Investigadores<\/a>\n<ul class=\"sub-menu\">\n\t<li id=\"menu-item-1200\" class=\"menu-item menu-item-type-post_type menu-item-object-page menu-item-1200\"><a href=\"https:\/\/www.untels.edu.pe\/vicerrectoradodeinvestigacion\/investigadores\/diplomados-de-investigadores\/\">Capacitaciones de los Investigadores<\/a><\/li>\n\t<li id=\"menu-item-216\" class=\"menu-item menu-item-type-post_type menu-item-object-page menu-item-216\"><a href=\"https:\/\/www.untels.edu.pe\/vicerrectoradodeinvestigacion\/investigadores\/investigadores-untels\/\">Investigadores UNTELS<\/a><\/li>\n\t<li id=\"menu-item-131\" class=\"menu-item menu-item-type-post_type menu-item-object-page menu-item-131\"><a href=\"https:\/\/www.untels.edu.pe\/vicerrectoradodeinvestigacion\/investigadores\/areas-de-investigacion\/\">\u00c1reas de Investigaci\u00f3n<\/a><\/li>\n\t<li id=\"menu-item-228\" class=\"menu-item menu-item-type-post_type menu-item-object-page menu-item-228\"><a href=\"https:\/\/www.untels.edu.pe\/vicerrectoradodeinvestigacion\/investigadores\/grupos-de-investigacion\/\">Grupos de Investigaci\u00f3n<\/a><\/li>\n\t<li id=\"menu-item-274\" class=\"menu-item menu-item-type-post_type menu-item-object-page menu-item-274\"><a href=\"https:\/\/www.untels.edu.pe\/vicerrectoradodeinvestigacion\/investigadores\/portal-de-investigadores\/\">Portal de Investigadores<\/a><\/li>\n<\/ul>\n<\/li>\n<li id=\"menu-item-415\" class=\"menu-item menu-item-type-custom menu-item-object-custom menu-item-has-children menu-item-415\"><a href=\"#\" aria-haspopup=\"true\" aria-expanded=\"false\">Producci\u00f3n Cientifica<\/a>\n<ul class=\"sub-menu\">\n\t<li id=\"menu-item-433\" class=\"menu-item menu-item-type-post_type menu-item-object-page menu-item-433\"><a href=\"https:\/\/www.untels.edu.pe\/vicerrectoradodeinvestigacion\/produccion-cientifica\/publicaciones-cientificas\/\">Art\u00edculos Cient\u00edficos<\/a><\/li>\n\t<li id=\"menu-item-484\" class=\"menu-item menu-item-type-post_type menu-item-object-page menu-item-484\"><a href=\"https:\/\/www.untels.edu.pe\/vicerrectoradodeinvestigacion\/produccion-cientifica\/proyectos-de-investigacion-untels\/\">Proyectos UNTELS<\/a><\/li>\n\t<li id=\"menu-item-538\" class=\"menu-item menu-item-type-post_type menu-item-object-page menu-item-538\"><a href=\"https:\/\/www.untels.edu.pe\/vicerrectoradodeinvestigacion\/produccion-cientifica\/proyectos-fondecyt\/\">Proyectos FONDECYT<\/a><\/li>\n\t<li id=\"menu-item-701\" class=\"menu-item menu-item-type-custom menu-item-object-custom menu-item-701\"><a href=\"#\">Convocatoria &#8211; Concursos<\/a><\/li>\n<\/ul>\n<\/li>\n<li id=\"menu-item-702\" class=\"menu-item menu-item-type-post_type menu-item-object-page menu-item-702\"><a href=\"https:\/\/www.untels.edu.pe\/vicerrectoradodeinvestigacion\/produccion-cientifica\/proyectos-externos\/convocatoria-de-adquisiciones\/\">Patentes<\/a><\/li>\n<li id=\"menu-item-602\" class=\"menu-item menu-item-type-custom menu-item-object-custom menu-item-has-children menu-item-602\"><a href=\"#\" aria-haspopup=\"true\" aria-expanded=\"false\">Publicaciones<\/a>\n<ul class=\"sub-menu\">\n\t<li id=\"menu-item-601\" class=\"menu-item menu-item-type-post_type menu-item-object-page menu-item-601\"><a href=\"https:\/\/www.untels.edu.pe\/vicerrectoradodeinvestigacion\/publicaciones\/revistas-cientificas-untels\/\">Revista Cient\u00edfica UNTELS<\/a><\/li>\n\t<li id=\"menu-item-600\" class=\"menu-item menu-item-type-post_type menu-item-object-page menu-item-600\"><a href=\"https:\/\/www.untels.edu.pe\/vicerrectoradodeinvestigacion\/publicaciones\/biblioteca-virtual\/\">Biblioteca Virtual<\/a><\/li>\n\t<li id=\"menu-item-599\" class=\"menu-item menu-item-type-post_type menu-item-object-page menu-item-599\"><a href=\"https:\/\/www.untels.edu.pe\/vicerrectoradodeinvestigacion\/publicaciones\/boletin-informativo\/\">Bolet\u00edn Informativo<\/a><\/li>\n\t<li id=\"menu-item-608\" class=\"menu-item menu-item-type-post_type menu-item-object-page menu-item-608\"><a href=\"https:\/\/www.untels.edu.pe\/vicerrectoradodeinvestigacion\/eventos\/eventos-de-divulgacion\/\">Eventos de Divulgaci\u00f3n<\/a><\/li>\n\t<li id=\"menu-item-598\" class=\"menu-item menu-item-type-post_type menu-item-object-page menu-item-598\"><a href=\"https:\/\/www.untels.edu.pe\/vicerrectoradodeinvestigacion\/publicaciones\/videoteca\/\">Videoteca<\/a><\/li>\n<\/ul>\n<\/li>\n<li id=\"menu-item-603\" class=\"menu-item menu-item-type-custom menu-item-object-custom menu-item-has-children menu-item-603\"><a href=\"#\" aria-haspopup=\"true\" aria-expanded=\"false\">Convenios VRI<\/a>\n<ul class=\"sub-menu\">\n\t<li id=\"menu-item-1297\" class=\"menu-item menu-item-type-post_type menu-item-object-page menu-item-1297\"><a href=\"https:\/\/www.untels.edu.pe\/vicerrectoradodeinvestigacion\/eventos\/eventos-de-divulgacion\/\">Convenios VRI<\/a><\/li>\n<\/ul>\n<\/li>\n<li id=\"menu-item-1240\" class=\"menu-item menu-item-type-custom menu-item-object-custom menu-item-1240\"><a href=\"http:\/\/fondoeditorial.untels.edu.pe\/\">Fondo Editorial<\/a><\/li>\n<li id=\"menu-item-1769\" class=\"menu-item menu-item-type-custom menu-item-object-custom menu-item-1769\"><a href=\"https:\/\/consultauntels.com\/\">Valida tu Certificado<\/a><\/li>\n<\/ul>                <button class=\"eael-simple-menu-toggle\">\n                    <i aria-hidden=\"true\" class=\"fas fa-bars\"><\/i>                <\/button>\n            <\/div>\n            \t\t<\/div>\n\t\t\t\t<\/div>\n\t\t\t\t\t<\/div>\n\t\t<\/div>\n\t\t\t\t\t\t\t<\/div>\n\t\t<\/section>\n\t\t\t\t<section class=\"elementor-section elementor-top-section elementor-element elementor-element-c5c2260 elementor-section-boxed elementor-section-height-default elementor-section-height-default\" data-id=\"c5c2260\" data-element_type=\"section\">\n\t\t\t\t\t\t<div class=\"elementor-container elementor-column-gap-default\">\n\t\t\t\t\t<div class=\"elementor-column elementor-col-100 elementor-top-column elementor-element elementor-element-bc7f54c\" data-id=\"bc7f54c\" data-element_type=\"column\">\n\t\t\t<div class=\"elementor-widget-wrap elementor-element-populated\">\n\t\t\t\t\t\t\t\t<div class=\"elementor-element elementor-element-009f3ef elementor-widget elementor-widget-heading\" data-id=\"009f3ef\" data-element_type=\"widget\" data-widget_type=\"heading.default\">\n\t\t\t\t<div class=\"elementor-widget-container\">\n\t\t\t<p class=\"elementor-heading-title elementor-size-default\">Revistas Cient\u00edficas Untels<\/p>\t\t<\/div>\n\t\t\t\t<\/div>\n\t\t\t\t<div class=\"elementor-element elementor-element-0d4cb16 elementor-widget elementor-widget-text-editor\" data-id=\"0d4cb16\" data-element_type=\"widget\" data-widget_type=\"text-editor.default\">\n\t\t\t\t<div class=\"elementor-widget-container\">\n\t\t\t\t\t\t\t\t\t\t\t\t\t<\/div>\n\t\t\t\t<\/div>\n\t\t\t\t\t<\/div>\n\t\t<\/div>\n\t\t\t\t\t\t\t<\/div>\n\t\t<\/section>\n\t\t\t\t<section class=\"elementor-section elementor-top-section elementor-element elementor-element-26cd53b elementor-section-content-middle elementor-section-boxed elementor-section-height-default elementor-section-height-default\" data-id=\"26cd53b\" data-element_type=\"section\">\n\t\t\t\t\t\t<div class=\"elementor-container elementor-column-gap-default\">\n\t\t\t\t\t<div class=\"elementor-column elementor-col-33 elementor-top-column elementor-element elementor-element-33be895\" data-id=\"33be895\" data-element_type=\"column\">\n\t\t\t<div class=\"elementor-widget-wrap elementor-element-populated\">\n\t\t\t\t\t\t\t\t<div class=\"elementor-element elementor-element-1e04ea1 elementor-widget elementor-widget-image\" data-id=\"1e04ea1\" data-element_type=\"widget\" data-widget_type=\"image.default\">\n\t\t\t\t<div class=\"elementor-widget-container\">\n\t\t\t\t\t\t\t\t\t\t\t\t\t\t\t\t<a href=\"http:\/\/revistas.untels.edu.pe\/\">\n\t\t\t\t\t\t\t<img loading=\"lazy\" decoding=\"async\" width=\"640\" height=\"905\" src=\"https:\/\/www.untels.edu.pe\/vicerrectoradodeinvestigacion\/wp-content\/uploads\/2021\/01\/Biotech-engineering-2_001-724x1024.jpg\" class=\"attachment-large size-large wp-image-1144\" alt=\"\" srcset=\"https:\/\/www.untels.edu.pe\/vicerrectoradodeinvestigacion\/wp-content\/uploads\/2021\/01\/Biotech-engineering-2_001-724x1024.jpg 724w, https:\/\/www.untels.edu.pe\/vicerrectoradodeinvestigacion\/wp-content\/uploads\/2021\/01\/Biotech-engineering-2_001-212x300.jpg 212w, https:\/\/www.untels.edu.pe\/vicerrectoradodeinvestigacion\/wp-content\/uploads\/2021\/01\/Biotech-engineering-2_001-768x1087.jpg 768w, https:\/\/www.untels.edu.pe\/vicerrectoradodeinvestigacion\/wp-content\/uploads\/2021\/01\/Biotech-engineering-2_001.jpg 1080w\" sizes=\"(max-width: 34.9rem) calc(100vw - 2rem), (max-width: 53rem) calc(8 * (100vw \/ 12)), (min-width: 53rem) calc(6 * (100vw \/ 12)), 100vw\" \/>\t\t\t\t\t\t\t\t<\/a>\n\t\t\t\t\t\t\t\t\t\t\t\t\t\t\t<\/div>\n\t\t\t\t<\/div>\n\t\t\t\t\t<\/div>\n\t\t<\/div>\n\t\t\t\t<div class=\"elementor-column elementor-col-66 elementor-top-column elementor-element elementor-element-8b647f4\" data-id=\"8b647f4\" data-element_type=\"column\">\n\t\t\t<div class=\"elementor-widget-wrap elementor-element-populated\">\n\t\t\t\t\t\t\t\t<div class=\"elementor-element elementor-element-f70fd2c elementor-widget elementor-widget-heading\" data-id=\"f70fd2c\" data-element_type=\"widget\" data-widget_type=\"heading.default\">\n\t\t\t\t<div class=\"elementor-widget-container\">\n\t\t\t<p class=\"elementor-heading-title elementor-size-default\">BIOTECH &amp; ENGINEERING<\/p>\t\t<\/div>\n\t\t\t\t<\/div>\n\t\t\t\t<div class=\"elementor-element elementor-element-b3d84c2 elementor-widget elementor-widget-heading\" data-id=\"b3d84c2\" data-element_type=\"widget\" data-widget_type=\"heading.default\">\n\t\t\t\t<div class=\"elementor-widget-container\">\n\t\t\t<p class=\"elementor-heading-title elementor-size-default\"><span style=\"color: rgb(, 255, 255); font-family: Cardo, serif; font-weight: 400; white-space: normal;\">La Revista Cient\u00edfica de la Universidad Nacional Tecnol\u00f3gica de Lima Sur, BIOTECH &amp; ENGINEERING, es una publicaci\u00f3n cient\u00edfica arbitrada y editada por el Vicerrectorado de Investigaci\u00f3n Untels. El objetivo principal de la revista es difundir la investigaci\u00f3n cient\u00edfica y aplicada en Ingenier\u00eda Electr\u00f3nica y Telecomunicaciones, Ingenier\u00eda Mec\u00e1nica y El\u00e9ctrica, Ingenier\u00eda de Sistemas, Ingenier\u00eda Ambiental y tem\u00e1ticas transversales relacionadas a la vida y la salud, dirigidas a contribuir con el desarrollo del pa\u00eds, al bienestar humano y el uso de las t\u00e9cnicas que permitan brindar soluciones a los diversos problemas de nuestra sociedad. La revista est\u00e1 orientada a la publicaci\u00f3n de art\u00edculos cient\u00edficos originales en las \u00e1reas de Biotecnolog\u00eda e Ingenier\u00eda. Se publica con una periodicidad semestral, el primer n\u00famero corresponde al per\u00edodo de enero a junio y el segundo de julio a diciembre. El primer n\u00famero es una edici\u00f3n especial que corresponde a art\u00edculos selecionados del I Congreso Internacional de Ciencia, Tecnolog\u00eda e Innovaci\u00f3n UNTELS - CICTI 2020 y el Encuentro Internacional Semilleros de Investigaci\u00f3n INVESTIGANDO ANDO 2020, organizado por la Universidad Aut\u00f3noma de Colombia. La revista publica trabajos realizados por investigadores nacionales y extranjeros, en idioma espa\u00f1ol o ingl\u00e9s.<\/span><\/p>\t\t<\/div>\n\t\t\t\t<\/div>\n\t\t\t\t<div class=\"elementor-element elementor-element-633b673 elementor-mobile-align-justify elementor-widget elementor-widget-button\" data-id=\"633b673\" data-element_type=\"widget\" data-widget_type=\"button.default\">\n\t\t\t\t<div class=\"elementor-widget-container\">\n\t\t\t\t\t<div class=\"elementor-button-wrapper\">\n\t\t\t<a class=\"elementor-button elementor-button-link elementor-size-sm\" href=\"http:\/\/revistas.untels.edu.pe\/\">\n\t\t\t\t\t\t<span class=\"elementor-button-content-wrapper\">\n\t\t\t\t\t\t<span class=\"elementor-button-text\">LEER M\u00c1S<\/span>\n\t\t<\/span>\n\t\t\t\t\t<\/a>\n\t\t<\/div>\n\t\t\t\t<\/div>\n\t\t\t\t<\/div>\n\t\t\t\t\t<\/div>\n\t\t<\/div>\n\t\t\t\t\t\t\t<\/div>\n\t\t<\/section>\n\t\t\t\t<section class=\"elementor-section elementor-top-section elementor-element elementor-element-25e23ff elementor-section-full_width elementor-section-height-default elementor-section-height-default\" data-id=\"25e23ff\" data-element_type=\"section\">\n\t\t\t\t\t\t<div class=\"elementor-container elementor-column-gap-default\">\n\t\t\t\t\t<div class=\"elementor-column elementor-col-100 elementor-top-column elementor-element elementor-element-012b257\" data-id=\"012b257\" data-element_type=\"column\">\n\t\t\t<div class=\"elementor-widget-wrap\">\n\t\t\t\t\t\t\t\t\t<\/div>\n\t\t<\/div>\n\t\t\t\t\t\t\t<\/div>\n\t\t<\/section>\n\t\t\t\t\t\t\t<\/div>\n\t\t","protected":false},"excerpt":{"rendered":"<p>Inicio Nosotros Sobre el VRI \u2013 UNTELS Organizaci\u00f3n Directorio Normas de Investigaci\u00f3n Investigadores Capacitaciones de los Investigadores Investigadores UNTELS \u00c1reas de Investigaci\u00f3n Grupos de Investigaci\u00f3n Portal de Investigadores Producci\u00f3n Cientifica Art\u00edculos Cient\u00edficos Proyectos UNTELS Proyectos FONDECYT Convocatoria &#8211; Concursos Patentes Publicaciones Revista Cient\u00edfica UNTELS Biblioteca Virtual Bolet\u00edn Informativo Eventos de Divulgaci\u00f3n Videoteca Convenios VPI Convenios &hellip; <\/p>\n<p class=\"link-more\"><a href=\"https:\/\/www.untels.edu.pe\/vicerrectoradodeinvestigacion\/publicaciones\/revistas-cientificas-untels\/\" class=\"more-link\">Continuar leyendo<span class=\"screen-reader-text\"> &#8220;Revistas Cient\u00edficas UNTELS&#8221;<\/span><\/a><\/p>\n","protected":false},"author":1,"featured_media":0,"parent":579,"menu_order":25,"comment_status":"closed","ping_status":"closed","template":"elementor_canvas","meta":{"_acf_changed":false,"_eb_attr":"","footnotes":""},"acf":[],"_links":{"self":[{"href":"https:\/\/www.untels.edu.pe\/vicerrectoradodeinvestigacion\/wp-json\/wp\/v2\/pages\/584"}],"collection":[{"href":"https:\/\/www.untels.edu.pe\/vicerrectoradodeinvestigacion\/wp-json\/wp\/v2\/pages"}],"about":[{"href":"https:\/\/www.untels.edu.pe\/vicerrectoradodeinvestigacion\/wp-json\/wp\/v2\/types\/page"}],"author":[{"embeddable":true,"href":"https:\/\/www.untels.edu.pe\/vicerrectoradodeinvestigacion\/wp-json\/wp\/v2\/users\/1"}],"replies":[{"embeddable":true,"href":"https:\/\/www.untels.edu.pe\/vicerrectoradodeinvestigacion\/wp-json\/wp\/v2\/comments?post=584"}],"version-history":[{"count":12,"href":"https:\/\/www.untels.edu.pe\/vicerrectoradodeinvestigacion\/wp-json\/wp\/v2\/pages\/584\/revisions"}],"predecessor-version":[{"id":1480,"href":"https:\/\/www.untels.edu.pe\/vicerrectoradodeinvestigacion\/wp-json\/wp\/v2\/pages\/584\/revisions\/1480"}],"up":[{"embeddable":true,"href":"https:\/\/www.untels.edu.pe\/vicerrectoradodeinvestigacion\/wp-json\/wp\/v2\/pages\/579"}],"wp:attachment":[{"href":"https:\/\/www.untels.edu.pe\/vicerrectoradodeinvestigacion\/wp-json\/wp\/v2\/media?parent=584"}],"curies":[{"name":"wp","href":"https:\/\/api.w.org\/{rel}","templated":true}]}}