{"id":536,"date":"2020-06-22T01:07:17","date_gmt":"2020-06-22T01:07:17","guid":{"rendered":"http:\/\/www.untels.edu.pe\/vicerrectoradodeinvestigacion\/?page_id=536"},"modified":"2022-06-17T02:48:41","modified_gmt":"2022-06-17T02:48:41","slug":"proyectos-fondecyt","status":"publish","type":"page","link":"https:\/\/www.untels.edu.pe\/vicerrectoradodeinvestigacion\/produccion-cientifica\/proyectos-fondecyt\/","title":{"rendered":"Proyectos FONDECYT"},"content":{"rendered":"\t\t<div data-elementor-type=\"wp-page\" data-elementor-id=\"536\" class=\"elementor elementor-536\">\n\t\t\t\t\t\t\t\t\t<section class=\"elementor-section elementor-top-section elementor-element elementor-element-3ede12b elementor-section-full_width elementor-section-height-default elementor-section-height-default\" data-id=\"3ede12b\" data-element_type=\"section\">\n\t\t\t\t\t\t<div class=\"elementor-container elementor-column-gap-default\">\n\t\t\t\t\t<div class=\"elementor-column elementor-col-100 elementor-top-column elementor-element elementor-element-0886e98\" data-id=\"0886e98\" data-element_type=\"column\">\n\t\t\t<div class=\"elementor-widget-wrap\">\n\t\t\t\t\t\t\t\t\t<\/div>\n\t\t<\/div>\n\t\t\t\t\t\t\t<\/div>\n\t\t<\/section>\n\t\t\t\t<section class=\"elementor-section elementor-top-section elementor-element elementor-element-080947c elementor-section-full_width elementor-section-height-default elementor-section-height-default\" data-id=\"080947c\" data-element_type=\"section\">\n\t\t\t\t\t\t<div class=\"elementor-container elementor-column-gap-no\">\n\t\t\t\t\t<div class=\"elementor-column elementor-col-100 elementor-top-column elementor-element elementor-element-cfb2d25\" data-id=\"cfb2d25\" data-element_type=\"column\">\n\t\t\t<div class=\"elementor-widget-wrap elementor-element-populated\">\n\t\t\t\t\t\t\t\t<div class=\"elementor-element elementor-element-d68a227 eael_simple_menu_hamburger_disable_selected_menu_no eael-simple-menu-hamburger-align-right eael-hamburger--tablet elementor-widget elementor-widget-eael-simple-menu\" data-id=\"d68a227\" data-element_type=\"widget\" data-widget_type=\"eael-simple-menu.default\">\n\t\t\t\t<div class=\"elementor-widget-container\">\n\t\t\t<style>\n                        @media screen and (max-width: 1024px) {\n                            .eael-hamburger--tablet {\n                                .eael-simple-menu-horizontal,\n                                .eael-simple-menu-vertical {\n                                    display: none;\n                                }\n                            }\n                            .eael-hamburger--tablet {\n                                .eael-simple-menu-container .eael-simple-menu-toggle {\n                                    display: block;\n                                }\n                            }\n                        }\n                    <\/style>            <div data-hamburger-icon=\"&lt;i aria-hidden=&quot;true&quot; class=&quot;fas fa-bars&quot;&gt;&lt;\/i&gt;\" data-indicator-icon=\"&lt;i aria-hidden=&quot;true&quot; class=&quot;fas fa-angle-down&quot;&gt;&lt;\/i&gt;\" data-dropdown-indicator-icon=\"&lt;i class=&quot;fas fa-angle-down&quot;&gt;&lt;\/i&gt;\" class=\"eael-simple-menu-container eael-simple-menu-align-center eael-simple-menu-dropdown-align-left preset-2\" data-hamburger-breakpoints=\"{&quot;mobile&quot;:&quot;M\\u00f3vil en Retrato (&gt; 767px)&quot;,&quot;tablet&quot;:&quot;Tableta vertical (&gt; 1024px)&quot;,&quot;desktop&quot;:&quot;Desktop (&gt; 2400px)&quot;,&quot;none&quot;:&quot;Nada&quot;}\" data-hamburger-device=\"tablet\">\n                <ul id=\"menu-menu-principal\" class=\"eael-simple-menu eael-simple-menu-dropdown-animate-to-top eael-simple-menu-indicator eael-simple-menu-horizontal\"><li id=\"menu-item-64\" class=\"menu-item menu-item-type-post_type menu-item-object-page menu-item-home menu-item-64\"><a href=\"https:\/\/www.untels.edu.pe\/vicerrectoradodeinvestigacion\/\">Inicio<\/a><\/li>\n<li id=\"menu-item-301\" class=\"menu-item menu-item-type-custom menu-item-object-custom menu-item-has-children menu-item-301\"><a href=\"#\" aria-haspopup=\"true\" aria-expanded=\"false\">Nosotros<\/a>\n<ul class=\"sub-menu\">\n\t<li id=\"menu-item-302\" class=\"menu-item menu-item-type-post_type menu-item-object-page menu-item-302\"><a href=\"https:\/\/www.untels.edu.pe\/vicerrectoradodeinvestigacion\/nosotros\/sobre-el-vri-untels\/\">Sobre el VRI \u2013 UNTELS<\/a><\/li>\n\t<li id=\"menu-item-329\" class=\"menu-item menu-item-type-post_type menu-item-object-page menu-item-329\"><a href=\"https:\/\/www.untels.edu.pe\/vicerrectoradodeinvestigacion\/nosotros\/organizacion\/\">Organizaci\u00f3n<\/a><\/li>\n\t<li id=\"menu-item-341\" class=\"menu-item menu-item-type-post_type menu-item-object-page menu-item-341\"><a href=\"https:\/\/www.untels.edu.pe\/vicerrectoradodeinvestigacion\/nosotros\/directorio\/\">Directorio<\/a><\/li>\n\t<li id=\"menu-item-346\" class=\"menu-item menu-item-type-post_type menu-item-object-page menu-item-346\"><a href=\"https:\/\/www.untels.edu.pe\/vicerrectoradodeinvestigacion\/nosotros\/normas-de-investigacion\/\">Normas de Investigaci\u00f3n<\/a><\/li>\n<\/ul>\n<\/li>\n<li id=\"menu-item-183\" class=\"menu-item menu-item-type-custom menu-item-object-custom menu-item-has-children menu-item-183\"><a href=\"#\" aria-haspopup=\"true\" aria-expanded=\"false\">Investigadores<\/a>\n<ul class=\"sub-menu\">\n\t<li id=\"menu-item-1200\" class=\"menu-item menu-item-type-post_type menu-item-object-page menu-item-1200\"><a href=\"https:\/\/www.untels.edu.pe\/vicerrectoradodeinvestigacion\/investigadores\/diplomados-de-investigadores\/\">Capacitaciones de los Investigadores<\/a><\/li>\n\t<li id=\"menu-item-216\" class=\"menu-item menu-item-type-post_type menu-item-object-page menu-item-216\"><a href=\"https:\/\/www.untels.edu.pe\/vicerrectoradodeinvestigacion\/investigadores\/investigadores-untels\/\">Investigadores UNTELS<\/a><\/li>\n\t<li id=\"menu-item-131\" class=\"menu-item menu-item-type-post_type menu-item-object-page menu-item-131\"><a href=\"https:\/\/www.untels.edu.pe\/vicerrectoradodeinvestigacion\/investigadores\/areas-de-investigacion\/\">\u00c1reas de Investigaci\u00f3n<\/a><\/li>\n\t<li id=\"menu-item-228\" class=\"menu-item menu-item-type-post_type menu-item-object-page menu-item-228\"><a href=\"https:\/\/www.untels.edu.pe\/vicerrectoradodeinvestigacion\/investigadores\/grupos-de-investigacion\/\">Grupos de Investigaci\u00f3n<\/a><\/li>\n\t<li id=\"menu-item-274\" class=\"menu-item menu-item-type-post_type menu-item-object-page menu-item-274\"><a href=\"https:\/\/www.untels.edu.pe\/vicerrectoradodeinvestigacion\/investigadores\/portal-de-investigadores\/\">Portal de Investigadores<\/a><\/li>\n<\/ul>\n<\/li>\n<li id=\"menu-item-415\" class=\"menu-item menu-item-type-custom menu-item-object-custom menu-item-has-children menu-item-415\"><a href=\"#\" aria-haspopup=\"true\" aria-expanded=\"false\">Producci\u00f3n Cientifica<\/a>\n<ul class=\"sub-menu\">\n\t<li id=\"menu-item-433\" class=\"menu-item menu-item-type-post_type menu-item-object-page menu-item-433\"><a href=\"https:\/\/www.untels.edu.pe\/vicerrectoradodeinvestigacion\/produccion-cientifica\/publicaciones-cientificas\/\">Art\u00edculos Cient\u00edficos<\/a><\/li>\n\t<li id=\"menu-item-484\" class=\"menu-item menu-item-type-post_type menu-item-object-page menu-item-484\"><a href=\"https:\/\/www.untels.edu.pe\/vicerrectoradodeinvestigacion\/produccion-cientifica\/proyectos-de-investigacion-untels\/\">Proyectos UNTELS<\/a><\/li>\n\t<li id=\"menu-item-538\" class=\"menu-item menu-item-type-post_type menu-item-object-page menu-item-538\"><a href=\"https:\/\/www.untels.edu.pe\/vicerrectoradodeinvestigacion\/produccion-cientifica\/proyectos-fondecyt\/\">Proyectos FONDECYT<\/a><\/li>\n\t<li id=\"menu-item-701\" class=\"menu-item menu-item-type-custom menu-item-object-custom menu-item-701\"><a href=\"#\">Convocatoria &#8211; Concursos<\/a><\/li>\n<\/ul>\n<\/li>\n<li id=\"menu-item-702\" class=\"menu-item menu-item-type-post_type menu-item-object-page menu-item-702\"><a href=\"https:\/\/www.untels.edu.pe\/vicerrectoradodeinvestigacion\/produccion-cientifica\/proyectos-externos\/convocatoria-de-adquisiciones\/\">Patentes<\/a><\/li>\n<li id=\"menu-item-602\" class=\"menu-item menu-item-type-custom menu-item-object-custom menu-item-has-children menu-item-602\"><a href=\"#\" aria-haspopup=\"true\" aria-expanded=\"false\">Publicaciones<\/a>\n<ul class=\"sub-menu\">\n\t<li id=\"menu-item-601\" class=\"menu-item menu-item-type-post_type menu-item-object-page menu-item-601\"><a href=\"https:\/\/www.untels.edu.pe\/vicerrectoradodeinvestigacion\/publicaciones\/revistas-cientificas-untels\/\">Revista Cient\u00edfica UNTELS<\/a><\/li>\n\t<li id=\"menu-item-600\" class=\"menu-item menu-item-type-post_type menu-item-object-page menu-item-600\"><a href=\"https:\/\/www.untels.edu.pe\/vicerrectoradodeinvestigacion\/publicaciones\/biblioteca-virtual\/\">Biblioteca Virtual<\/a><\/li>\n\t<li id=\"menu-item-599\" class=\"menu-item menu-item-type-post_type menu-item-object-page menu-item-599\"><a href=\"https:\/\/www.untels.edu.pe\/vicerrectoradodeinvestigacion\/publicaciones\/boletin-informativo\/\">Bolet\u00edn Informativo<\/a><\/li>\n\t<li id=\"menu-item-608\" class=\"menu-item menu-item-type-post_type menu-item-object-page menu-item-608\"><a href=\"https:\/\/www.untels.edu.pe\/vicerrectoradodeinvestigacion\/eventos\/eventos-de-divulgacion\/\">Eventos de Divulgaci\u00f3n<\/a><\/li>\n\t<li id=\"menu-item-598\" class=\"menu-item menu-item-type-post_type menu-item-object-page menu-item-598\"><a href=\"https:\/\/www.untels.edu.pe\/vicerrectoradodeinvestigacion\/publicaciones\/videoteca\/\">Videoteca<\/a><\/li>\n<\/ul>\n<\/li>\n<li id=\"menu-item-603\" class=\"menu-item menu-item-type-custom menu-item-object-custom menu-item-has-children menu-item-603\"><a href=\"#\" aria-haspopup=\"true\" aria-expanded=\"false\">Convenios VRI<\/a>\n<ul class=\"sub-menu\">\n\t<li id=\"menu-item-1297\" class=\"menu-item menu-item-type-post_type menu-item-object-page menu-item-1297\"><a href=\"https:\/\/www.untels.edu.pe\/vicerrectoradodeinvestigacion\/eventos\/eventos-de-divulgacion\/\">Convenios VRI<\/a><\/li>\n<\/ul>\n<\/li>\n<li id=\"menu-item-1240\" class=\"menu-item menu-item-type-custom menu-item-object-custom menu-item-1240\"><a href=\"http:\/\/fondoeditorial.untels.edu.pe\/\">Fondo Editorial<\/a><\/li>\n<li id=\"menu-item-1769\" class=\"menu-item menu-item-type-custom menu-item-object-custom menu-item-1769\"><a href=\"https:\/\/consultauntels.com\/\">Valida tu Certificado<\/a><\/li>\n<\/ul>                <button class=\"eael-simple-menu-toggle\">\n                    <i aria-hidden=\"true\" class=\"fas fa-bars\"><\/i>                <\/button>\n            <\/div>\n            \t\t<\/div>\n\t\t\t\t<\/div>\n\t\t\t\t\t<\/div>\n\t\t<\/div>\n\t\t\t\t\t\t\t<\/div>\n\t\t<\/section>\n\t\t\t\t<section class=\"elementor-section elementor-top-section elementor-element elementor-element-c5c2260 elementor-section-boxed elementor-section-height-default elementor-section-height-default\" data-id=\"c5c2260\" data-element_type=\"section\">\n\t\t\t\t\t\t<div class=\"elementor-container elementor-column-gap-default\">\n\t\t\t\t\t<div class=\"elementor-column elementor-col-100 elementor-top-column elementor-element elementor-element-bc7f54c\" data-id=\"bc7f54c\" data-element_type=\"column\">\n\t\t\t<div class=\"elementor-widget-wrap elementor-element-populated\">\n\t\t\t\t\t\t\t\t<div class=\"elementor-element elementor-element-009f3ef elementor-widget elementor-widget-heading\" data-id=\"009f3ef\" data-element_type=\"widget\" data-widget_type=\"heading.default\">\n\t\t\t\t<div class=\"elementor-widget-container\">\n\t\t\t<p class=\"elementor-heading-title elementor-size-default\">Proyectos FONDECYT<\/p>\t\t<\/div>\n\t\t\t\t<\/div>\n\t\t\t\t<div class=\"elementor-element elementor-element-0d4cb16 elementor-widget elementor-widget-text-editor\" data-id=\"0d4cb16\" data-element_type=\"widget\" data-widget_type=\"text-editor.default\">\n\t\t\t\t<div class=\"elementor-widget-container\">\n\t\t\t\t\t\t\t\t\t\t\t\t\t<\/div>\n\t\t\t\t<\/div>\n\t\t\t\t\t<\/div>\n\t\t<\/div>\n\t\t\t\t\t\t\t<\/div>\n\t\t<\/section>\n\t\t\t\t<section class=\"elementor-section elementor-top-section elementor-element elementor-element-367583e elementor-section-boxed elementor-section-height-default elementor-section-height-default\" data-id=\"367583e\" data-element_type=\"section\">\n\t\t\t\t\t\t<div class=\"elementor-container elementor-column-gap-default\">\n\t\t\t\t\t<div class=\"elementor-column elementor-col-100 elementor-top-column elementor-element elementor-element-586835b\" data-id=\"586835b\" data-element_type=\"column\">\n\t\t\t<div class=\"elementor-widget-wrap elementor-element-populated\">\n\t\t\t\t\t\t\t\t<div class=\"elementor-element elementor-element-b43055b eael-dt-th-align-center elementor-widget-mobile__width-initial elementor-widget elementor-widget-eael-data-table\" data-id=\"b43055b\" data-element_type=\"widget\" data-widget_type=\"eael-data-table.default\">\n\t\t\t\t<div class=\"elementor-widget-container\">\n\t\t\t<style>\n\t\t\t@media (max-width: 767px) {\n\t\t\t   #eael-data-table-wrapper-b43055b.custom-responsive-option-enable .eael-data-table thead {\n                    display: none;\n               }\n               #eael-data-table-wrapper-b43055b.custom-responsive-option-enable .eael-data-table tbody tr td {\n                    float: none;\n                    clear: left;\n                    width: 100%;\n                    text-align: left;\n                    display: flex;\n                    align-items: center;\n                }\n\t\t\t}\n\t\t\t<\/style>\t\t<div class=\"eael-data-table-wrap custom-responsive-option-enable\" data-table_id=\"b43055b\" id=\"eael-data-table-wrapper-b43055b\" data-custom_responsive=\"true\">\n\t\t\t<table class=\"tablesorter eael-data-table \" id=\"eael-data-table-b43055b\">\n\t\t\t    <thead>\n\t\t\t        <tr class=\"table-header\">\n\t\t\t\t\t\t\t\t\t            <th class=\"titulo\" id=\"\" colspan=\"1\">\n\t\t\t\t\t\t\t\t\t\t\t\t\t\t<span class=\"data-table-header-text\">T\u00cdTULO DE PROYECTO<\/span><\/th>\n\t\t\t        \t\t\t\t            <th class=\"ano\" id=\"\" colspan=\"\">\n\t\t\t\t\t\t\t\t\t\t\t\t\t\t<span class=\"data-table-header-text\">A\u00d1O<\/span><\/th>\n\t\t\t        \t\t\t\t            <th class=\"nombre1\" id=\"\" colspan=\"\">\n\t\t\t\t\t\t\t\t\t\t\t\t\t\t<span class=\"data-table-header-text\">NOMBRE DEL INVESTIGADOR PRINCIPAL<\/span><\/th>\n\t\t\t        \t\t\t\t            <th class=\"nombre2\" id=\"\" colspan=\"\">\n\t\t\t\t\t\t\t\t\t\t\t\t\t\t<span class=\"data-table-header-text\">NOMBRE DEL INVESTIGADOR  ASOCIADO O                                                          CO INVESTIGADOR DOCENTE<\/span><\/th>\n\t\t\t        \t\t\t\t            <th class=\"ano\" id=\"\" colspan=\"\">\n\t\t\t\t\t\t\t\t\t\t\t\t\t\t<span class=\"data-table-header-text\">Fecha Fin<\/span><\/th>\n\t\t\t        \t\t\t\t        <\/tr>\n\t\t\t    <\/thead>\n\t\t\t  \t<tbody>\n\t\t\t\t\t\t\t\t\t\t\t<tr>\n\t\t\t\t\t\t\t\t\t\t\t\t\t\t\t\t   \t\t\t\t\t\t\t\t\t\t\t<td colspan=\"\" rowspan=\"\" class=\"\" id=\"\">\n\t\t\t\t\t\t\t\t\t\t\t\t<div class=\"td-content-wrapper\"><div class=\"td-content\">HACIA LA MANUFACTURA: AVANZADA GEMELOS DIGITALES Y AN\u00c1LISIS DE DATOS DE UN M\u00c1QUINA HERRAMIENTA\u201d   Contrato N\u00b0 020-2019-FONDECYT\u2013BM-INC.INV<\/div><\/div>\n\t\t\t\t\t\t\t\t\t\t\t<\/td>\n\t\t\t\t\t\t\t\t\t\t\t\t\t\t\t\t\t\t\t\t\t\t\t\t\t\t\t\t\t   \t\t\t\t\t\t\t\t\t\t\t<td colspan=\"\" rowspan=\"\" class=\"\" id=\"\">\n\t\t\t\t\t\t\t\t\t\t\t\t<div class=\"td-content-wrapper\"><div class=\"td-content\">2019<\/div><\/div>\n\t\t\t\t\t\t\t\t\t\t\t<\/td>\n\t\t\t\t\t\t\t\t\t\t\t\t\t\t\t\t\t\t\t\t\t\t\t\t\t\t\t\t\t   \t\t\t\t\t\t\t\t\t\t\t<td colspan=\"\" rowspan=\"\" class=\"\" id=\"\">\n\t\t\t\t\t\t\t\t\t\t\t\t<div class=\"td-content-wrapper\"><div class=\"td-content\">Dr. ALBERTO CORONADO MATUTTI<\/div><\/div>\n\t\t\t\t\t\t\t\t\t\t\t<\/td>\n\t\t\t\t\t\t\t\t\t\t\t\t\t\t\t\t\t\t\t\t\t\t\t\t\t\t\t\t\t   \t\t\t\t\t\t\t\t\t\t\t<td colspan=\"\" rowspan=\"\" class=\"\" id=\"\">\n\t\t\t\t\t\t\t\t\t\t\t\t<div class=\"td-content-wrapper\"><div class=\"td-content\"><ul><li>Dr. AVID ROM\u00c1N GONZALEZ<\/li><li>Dr. JUAN PABLO VARGAS MACHUCA BUENO<\/li><li>Dr. FABIO ZEGARRA CHOQUE<\/li><\/ul><\/div><\/div>\n\t\t\t\t\t\t\t\t\t\t\t<\/td>\n\t\t\t\t\t\t\t\t\t\t\t\t\t\t\t\t\t\t\t\t\t\t\t\t\t\t\t\t\t   \t\t\t\t\t\t\t\t\t\t\t<td colspan=\"\" rowspan=\"\" class=\"\" id=\"\">\n\t\t\t\t\t\t\t\t\t\t\t\t<div class=\"td-content-wrapper\"><div class=\"td-content\">2020<\/div><\/div>\n\t\t\t\t\t\t\t\t\t\t\t<\/td>\n\t\t\t\t\t\t\t\t\t\t\t\t\t\t\t\t\t\t\t\t\t\t\t\t\t\t<\/tr>\n\t\t\t        \t\t\t\t\t\t<tr>\n\t\t\t\t\t\t\t\t\t\t\t\t\t\t\t\t   \t\t\t\t\t\t\t\t\t\t\t<td colspan=\"\" rowspan=\"\" class=\"\" id=\"\">\n\t\t\t\t\t\t\t\t\t\t\t\t<div class=\"td-content-wrapper\"><div class=\"td-content\">\u201cEVALUACI\u00d3N DEL IMPACTO DE EMISIONES VEHICULARES  EN  LAS CONTRATACIONES  DE AEROSOLES  ATMOSF\u00c9RICOS USANDO EL MODELO WRF-CHEM  EN   LIMA  METROPOLITANA\u201d    Contrato N\u00b0 424-2019-FONDECYT<\/div><\/div>\n\t\t\t\t\t\t\t\t\t\t\t<\/td>\n\t\t\t\t\t\t\t\t\t\t\t\t\t\t\t\t\t\t\t\t\t\t\t\t\t\t\t\t\t   \t\t\t\t\t\t\t\t\t\t\t<td colspan=\"\" rowspan=\"\" class=\"\" id=\"\">\n\t\t\t\t\t\t\t\t\t\t\t\t<div class=\"td-content-wrapper\"><div class=\"td-content\">2019<\/div><\/div>\n\t\t\t\t\t\t\t\t\t\t\t<\/td>\n\t\t\t\t\t\t\t\t\t\t\t\t\t\t\t\t\t\t\t\t\t\t\t\t\t\t\t\t\t   \t\t\t\t\t\t\t\t\t\t\t<td colspan=\"\" rowspan=\"\" class=\"\" id=\"\">\n\t\t\t\t\t\t\t\t\t\t\t\t<div class=\"td-content-wrapper\"><div class=\"td-content\">DR. SANCHEZ CCOYLLO ODON ROMAN<\/div><\/div>\n\t\t\t\t\t\t\t\t\t\t\t<\/td>\n\t\t\t\t\t\t\t\t\t\t\t\t\t\t\t\t\t\t\t\t\t\t\t\t\t\t\t\t\t   \t\t\t\t\t\t\t\t\t\t\t<td colspan=\"\" rowspan=\"\" class=\"\" id=\"\">\n\t\t\t\t\t\t\t\t\t\t\t\t<div class=\"td-content-wrapper\"><div class=\"td-content\"><ul><li>MARCELO FELIX ALONSO<\/li><li>PAULA SOLEDAD CASTESANA<\/li><li>ELIZABETH AYMA CHOQUE (Tesista)<\/li><\/ul><\/div><\/div>\n\t\t\t\t\t\t\t\t\t\t\t<\/td>\n\t\t\t\t\t\t\t\t\t\t\t\t\t\t\t\t\t\t\t\t\t\t\t\t\t\t\t\t\t   \t\t\t\t\t\t\t\t\t\t\t<td colspan=\"\" rowspan=\"\" class=\"\" id=\"\">\n\t\t\t\t\t\t\t\t\t\t\t\t<div class=\"td-content-wrapper\"><div class=\"td-content\">2020<\/div><\/div>\n\t\t\t\t\t\t\t\t\t\t\t<\/td>\n\t\t\t\t\t\t\t\t\t\t\t\t\t\t\t\t\t\t\t\t\t\t\t\t\t\t<\/tr>\n\t\t\t        \t\t\t\t\t\t<tr>\n\t\t\t\t\t\t\t\t\t\t\t\t\t\t\t\t   \t\t\t\t\t\t\t\t\t\t\t<td colspan=\"\" rowspan=\"\" class=\"\" id=\"\">\n\t\t\t\t\t\t\t\t\t\t\t\t<div class=\"td-content-wrapper\"><div class=\"td-content\">ENTALPIA DE FORMACI\u00d3N DE LAS ALEACIONES NI-X (CON X=AL, FE, CU, NB Y HF ) EN LAS ESTRUCTURAS B2,B32 Y ORTORR\u00d3MBICA DESDE C\u00c1LCULOS DE PRIMEROS PRINCIPIOS \u201d   Contrato N\u00b0 387-2019-FONDECYT<\/div><\/div>\n\t\t\t\t\t\t\t\t\t\t\t<\/td>\n\t\t\t\t\t\t\t\t\t\t\t\t\t\t\t\t\t\t\t\t\t\t\t\t\t\t\t\t\t   \t\t\t\t\t\t\t\t\t\t\t<td colspan=\"\" rowspan=\"\" class=\"\" id=\"\">\n\t\t\t\t\t\t\t\t\t\t\t\t<div class=\"td-content-wrapper\"><div class=\"td-content\">2019<\/div><\/div>\n\t\t\t\t\t\t\t\t\t\t\t<\/td>\n\t\t\t\t\t\t\t\t\t\t\t\t\t\t\t\t\t\t\t\t\t\t\t\t\t\t\t\t\t   \t\t\t\t\t\t\t\t\t\t\t<td colspan=\"\" rowspan=\"\" class=\"\" id=\"\">\n\t\t\t\t\t\t\t\t\t\t\t\t<div class=\"td-content-wrapper\"><div class=\"td-content\">DR. PABLO GUILLERMO GONZALES ORME\u00d1O<\/div><\/div>\n\t\t\t\t\t\t\t\t\t\t\t<\/td>\n\t\t\t\t\t\t\t\t\t\t\t\t\t\t\t\t\t\t\t\t\t\t\t\t\t\t\t\t\t   \t\t\t\t\t\t\t\t\t\t\t<td colspan=\"\" rowspan=\"\" class=\"\" id=\"\">\n\t\t\t\t\t\t\t\t\t\t\t\t<div class=\"td-content-wrapper\"><div class=\"td-content\"><ul><li>SH\u00d3N GERALDO CL\u00c1UDIO<\/li><li>MENDOZA FLORES MIGUEL ALBERTO<\/li><li>DIAS CHOQUE MARTIN (Tesista)<\/li><\/ul><\/div><\/div>\n\t\t\t\t\t\t\t\t\t\t\t<\/td>\n\t\t\t\t\t\t\t\t\t\t\t\t\t\t\t\t\t\t\t\t\t\t\t\t\t\t\t\t\t   \t\t\t\t\t\t\t\t\t\t\t<td colspan=\"\" rowspan=\"\" class=\"\" id=\"\">\n\t\t\t\t\t\t\t\t\t\t\t\t<div class=\"td-content-wrapper\"><div class=\"td-content\">2020<\/div><\/div>\n\t\t\t\t\t\t\t\t\t\t\t<\/td>\n\t\t\t\t\t\t\t\t\t\t\t\t\t\t\t\t\t\t\t\t\t\t\t\t\t\t<\/tr>\n\t\t\t        \t\t\t    <\/tbody>\n\t\t\t<\/table>\n\t\t<\/div>\n\t  \t\t\t<\/div>\n\t\t\t\t<\/div>\n\t\t\t\t\t<\/div>\n\t\t<\/div>\n\t\t\t\t\t\t\t<\/div>\n\t\t<\/section>\n\t\t\t\t<section class=\"elementor-section elementor-top-section elementor-element elementor-element-25e23ff elementor-section-full_width elementor-section-height-default elementor-section-height-default\" data-id=\"25e23ff\" data-element_type=\"section\">\n\t\t\t\t\t\t<div class=\"elementor-container elementor-column-gap-default\">\n\t\t\t\t\t<div class=\"elementor-column elementor-col-100 elementor-top-column elementor-element elementor-element-012b257\" data-id=\"012b257\" data-element_type=\"column\">\n\t\t\t<div class=\"elementor-widget-wrap\">\n\t\t\t\t\t\t\t\t\t<\/div>\n\t\t<\/div>\n\t\t\t\t\t\t\t<\/div>\n\t\t<\/section>\n\t\t\t\t\t\t\t<\/div>\n\t\t","protected":false},"excerpt":{"rendered":"<p>Inicio Nosotros Sobre el VRI \u2013 UNTELS Organizaci\u00f3n Directorio Normas de Investigaci\u00f3n Investigadores Capacitaciones de los Investigadores Investigadores UNTELS \u00c1reas de Investigaci\u00f3n Grupos de Investigaci\u00f3n Portal de Investigadores Producci\u00f3n Cientifica Art\u00edculos Cient\u00edficos Proyectos UNTELS Proyectos FONDECYT Convocatoria &#8211; Concursos Patentes Publicaciones Revista Cient\u00edfica UNTELS Biblioteca Virtual Bolet\u00edn Informativo Eventos de Divulgaci\u00f3n Videoteca Convenios VPI Convenios &hellip; <\/p>\n<p class=\"link-more\"><a href=\"https:\/\/www.untels.edu.pe\/vicerrectoradodeinvestigacion\/produccion-cientifica\/proyectos-fondecyt\/\" class=\"more-link\">Continuar leyendo<span class=\"screen-reader-text\"> &#8220;Proyectos FONDECYT&#8221;<\/span><\/a><\/p>\n","protected":false},"author":1,"featured_media":0,"parent":373,"menu_order":19,"comment_status":"closed","ping_status":"closed","template":"elementor_canvas","meta":{"_acf_changed":false,"_eb_attr":"","footnotes":""},"acf":[],"_links":{"self":[{"href":"https:\/\/www.untels.edu.pe\/vicerrectoradodeinvestigacion\/wp-json\/wp\/v2\/pages\/536"}],"collection":[{"href":"https:\/\/www.untels.edu.pe\/vicerrectoradodeinvestigacion\/wp-json\/wp\/v2\/pages"}],"about":[{"href":"https:\/\/www.untels.edu.pe\/vicerrectoradodeinvestigacion\/wp-json\/wp\/v2\/types\/page"}],"author":[{"embeddable":true,"href":"https:\/\/www.untels.edu.pe\/vicerrectoradodeinvestigacion\/wp-json\/wp\/v2\/users\/1"}],"replies":[{"embeddable":true,"href":"https:\/\/www.untels.edu.pe\/vicerrectoradodeinvestigacion\/wp-json\/wp\/v2\/comments?post=536"}],"version-history":[{"count":12,"href":"https:\/\/www.untels.edu.pe\/vicerrectoradodeinvestigacion\/wp-json\/wp\/v2\/pages\/536\/revisions"}],"predecessor-version":[{"id":1468,"href":"https:\/\/www.untels.edu.pe\/vicerrectoradodeinvestigacion\/wp-json\/wp\/v2\/pages\/536\/revisions\/1468"}],"up":[{"embeddable":true,"href":"https:\/\/www.untels.edu.pe\/vicerrectoradodeinvestigacion\/wp-json\/wp\/v2\/pages\/373"}],"wp:attachment":[{"href":"https:\/\/www.untels.edu.pe\/vicerrectoradodeinvestigacion\/wp-json\/wp\/v2\/media?parent=536"}],"curies":[{"name":"wp","href":"https:\/\/api.w.org\/{rel}","templated":true}]}}