{"id":247,"date":"2020-06-13T04:17:05","date_gmt":"2020-06-13T04:17:05","guid":{"rendered":"http:\/\/www.untels.edu.pe\/vicerrectoradodeinvestigacion\/?page_id=247"},"modified":"2022-06-17T02:46:49","modified_gmt":"2022-06-17T02:46:49","slug":"portal-de-investigadores","status":"publish","type":"page","link":"https:\/\/www.untels.edu.pe\/vicerrectoradodeinvestigacion\/investigadores\/portal-de-investigadores\/","title":{"rendered":"Portal de Investigadores"},"content":{"rendered":"\t\t<div data-elementor-type=\"wp-page\" data-elementor-id=\"247\" class=\"elementor elementor-247\">\n\t\t\t\t\t\t\t\t\t<section class=\"elementor-section elementor-top-section elementor-element elementor-element-1d24614 elementor-section-full_width elementor-section-height-default elementor-section-height-default\" data-id=\"1d24614\" data-element_type=\"section\">\n\t\t\t\t\t\t<div class=\"elementor-container elementor-column-gap-default\">\n\t\t\t\t\t<div class=\"elementor-column elementor-col-100 elementor-top-column elementor-element elementor-element-2d8796e\" data-id=\"2d8796e\" data-element_type=\"column\">\n\t\t\t<div class=\"elementor-widget-wrap\">\n\t\t\t\t\t\t\t\t\t<\/div>\n\t\t<\/div>\n\t\t\t\t\t\t\t<\/div>\n\t\t<\/section>\n\t\t\t\t<section class=\"elementor-section elementor-top-section elementor-element elementor-element-55879c66 elementor-section-full_width elementor-section-height-default elementor-section-height-default\" data-id=\"55879c66\" data-element_type=\"section\">\n\t\t\t\t\t\t<div class=\"elementor-container elementor-column-gap-no\">\n\t\t\t\t\t<div class=\"elementor-column elementor-col-100 elementor-top-column elementor-element elementor-element-2434c1ab\" data-id=\"2434c1ab\" data-element_type=\"column\">\n\t\t\t<div class=\"elementor-widget-wrap elementor-element-populated\">\n\t\t\t\t\t\t\t\t<div class=\"elementor-element elementor-element-cb2f840 eael_simple_menu_hamburger_disable_selected_menu_no eael-simple-menu-hamburger-align-right eael-hamburger--tablet elementor-widget elementor-widget-eael-simple-menu\" data-id=\"cb2f840\" data-element_type=\"widget\" data-widget_type=\"eael-simple-menu.default\">\n\t\t\t\t<div class=\"elementor-widget-container\">\n\t\t\t<style>\n                        @media screen and (max-width: 1024px) {\n                            .eael-hamburger--tablet {\n                                .eael-simple-menu-horizontal,\n                                .eael-simple-menu-vertical {\n                                    display: none;\n                                }\n                            }\n                            .eael-hamburger--tablet {\n                                .eael-simple-menu-container .eael-simple-menu-toggle {\n                                    display: block;\n                                }\n                            }\n                        }\n                    <\/style>            <div data-hamburger-icon=\"&lt;i aria-hidden=&quot;true&quot; class=&quot;fas fa-bars&quot;&gt;&lt;\/i&gt;\" data-indicator-icon=\"&lt;i aria-hidden=&quot;true&quot; class=&quot;fas fa-angle-down&quot;&gt;&lt;\/i&gt;\" data-dropdown-indicator-icon=\"&lt;i class=&quot;fas fa-angle-down&quot;&gt;&lt;\/i&gt;\" class=\"eael-simple-menu-container eael-simple-menu-align-center eael-simple-menu-dropdown-align-left preset-2\" data-hamburger-breakpoints=\"{&quot;mobile&quot;:&quot;M\\u00f3vil en Retrato (&gt; 767px)&quot;,&quot;tablet&quot;:&quot;Tableta vertical (&gt; 1024px)&quot;,&quot;desktop&quot;:&quot;Desktop (&gt; 2400px)&quot;,&quot;none&quot;:&quot;Nada&quot;}\" data-hamburger-device=\"tablet\">\n                <ul id=\"menu-menu-principal\" class=\"eael-simple-menu eael-simple-menu-dropdown-animate-to-top eael-simple-menu-indicator eael-simple-menu-horizontal\"><li id=\"menu-item-64\" class=\"menu-item menu-item-type-post_type menu-item-object-page menu-item-home menu-item-64\"><a href=\"https:\/\/www.untels.edu.pe\/vicerrectoradodeinvestigacion\/\">Inicio<\/a><\/li>\n<li id=\"menu-item-301\" class=\"menu-item menu-item-type-custom menu-item-object-custom menu-item-has-children menu-item-301\"><a href=\"#\" aria-haspopup=\"true\" aria-expanded=\"false\">Nosotros<\/a>\n<ul class=\"sub-menu\">\n\t<li id=\"menu-item-302\" class=\"menu-item menu-item-type-post_type menu-item-object-page menu-item-302\"><a href=\"https:\/\/www.untels.edu.pe\/vicerrectoradodeinvestigacion\/nosotros\/sobre-el-vri-untels\/\">Sobre el VRI \u2013 UNTELS<\/a><\/li>\n\t<li id=\"menu-item-329\" class=\"menu-item menu-item-type-post_type menu-item-object-page menu-item-329\"><a href=\"https:\/\/www.untels.edu.pe\/vicerrectoradodeinvestigacion\/nosotros\/organizacion\/\">Organizaci\u00f3n<\/a><\/li>\n\t<li id=\"menu-item-341\" class=\"menu-item menu-item-type-post_type menu-item-object-page menu-item-341\"><a href=\"https:\/\/www.untels.edu.pe\/vicerrectoradodeinvestigacion\/nosotros\/directorio\/\">Directorio<\/a><\/li>\n\t<li id=\"menu-item-346\" class=\"menu-item menu-item-type-post_type menu-item-object-page menu-item-346\"><a href=\"https:\/\/www.untels.edu.pe\/vicerrectoradodeinvestigacion\/nosotros\/normas-de-investigacion\/\">Normas de Investigaci\u00f3n<\/a><\/li>\n<\/ul>\n<\/li>\n<li id=\"menu-item-183\" class=\"menu-item menu-item-type-custom menu-item-object-custom menu-item-has-children menu-item-183\"><a href=\"#\" aria-haspopup=\"true\" aria-expanded=\"false\">Investigadores<\/a>\n<ul class=\"sub-menu\">\n\t<li id=\"menu-item-1200\" class=\"menu-item menu-item-type-post_type menu-item-object-page menu-item-1200\"><a href=\"https:\/\/www.untels.edu.pe\/vicerrectoradodeinvestigacion\/investigadores\/diplomados-de-investigadores\/\">Capacitaciones de los Investigadores<\/a><\/li>\n\t<li id=\"menu-item-216\" class=\"menu-item menu-item-type-post_type menu-item-object-page menu-item-216\"><a href=\"https:\/\/www.untels.edu.pe\/vicerrectoradodeinvestigacion\/investigadores\/investigadores-untels\/\">Investigadores UNTELS<\/a><\/li>\n\t<li id=\"menu-item-131\" class=\"menu-item menu-item-type-post_type menu-item-object-page menu-item-131\"><a href=\"https:\/\/www.untels.edu.pe\/vicerrectoradodeinvestigacion\/investigadores\/areas-de-investigacion\/\">\u00c1reas de Investigaci\u00f3n<\/a><\/li>\n\t<li id=\"menu-item-228\" class=\"menu-item menu-item-type-post_type menu-item-object-page menu-item-228\"><a href=\"https:\/\/www.untels.edu.pe\/vicerrectoradodeinvestigacion\/investigadores\/grupos-de-investigacion\/\">Grupos de Investigaci\u00f3n<\/a><\/li>\n\t<li id=\"menu-item-274\" class=\"menu-item menu-item-type-post_type menu-item-object-page menu-item-274\"><a href=\"https:\/\/www.untels.edu.pe\/vicerrectoradodeinvestigacion\/investigadores\/portal-de-investigadores\/\">Portal de Investigadores<\/a><\/li>\n<\/ul>\n<\/li>\n<li id=\"menu-item-415\" class=\"menu-item menu-item-type-custom menu-item-object-custom menu-item-has-children menu-item-415\"><a href=\"#\" aria-haspopup=\"true\" aria-expanded=\"false\">Producci\u00f3n Cientifica<\/a>\n<ul class=\"sub-menu\">\n\t<li id=\"menu-item-433\" class=\"menu-item menu-item-type-post_type menu-item-object-page menu-item-433\"><a href=\"https:\/\/www.untels.edu.pe\/vicerrectoradodeinvestigacion\/produccion-cientifica\/publicaciones-cientificas\/\">Art\u00edculos Cient\u00edficos<\/a><\/li>\n\t<li id=\"menu-item-484\" class=\"menu-item menu-item-type-post_type menu-item-object-page menu-item-484\"><a href=\"https:\/\/www.untels.edu.pe\/vicerrectoradodeinvestigacion\/produccion-cientifica\/proyectos-de-investigacion-untels\/\">Proyectos UNTELS<\/a><\/li>\n\t<li id=\"menu-item-538\" class=\"menu-item menu-item-type-post_type menu-item-object-page menu-item-538\"><a href=\"https:\/\/www.untels.edu.pe\/vicerrectoradodeinvestigacion\/produccion-cientifica\/proyectos-fondecyt\/\">Proyectos FONDECYT<\/a><\/li>\n\t<li id=\"menu-item-701\" class=\"menu-item menu-item-type-custom menu-item-object-custom menu-item-701\"><a href=\"#\">Convocatoria &#8211; Concursos<\/a><\/li>\n<\/ul>\n<\/li>\n<li id=\"menu-item-702\" class=\"menu-item menu-item-type-post_type menu-item-object-page menu-item-702\"><a href=\"https:\/\/www.untels.edu.pe\/vicerrectoradodeinvestigacion\/produccion-cientifica\/proyectos-externos\/convocatoria-de-adquisiciones\/\">Patentes<\/a><\/li>\n<li id=\"menu-item-602\" class=\"menu-item menu-item-type-custom menu-item-object-custom menu-item-has-children menu-item-602\"><a href=\"#\" aria-haspopup=\"true\" aria-expanded=\"false\">Publicaciones<\/a>\n<ul class=\"sub-menu\">\n\t<li id=\"menu-item-601\" class=\"menu-item menu-item-type-post_type menu-item-object-page menu-item-601\"><a href=\"https:\/\/www.untels.edu.pe\/vicerrectoradodeinvestigacion\/publicaciones\/revistas-cientificas-untels\/\">Revista Cient\u00edfica UNTELS<\/a><\/li>\n\t<li id=\"menu-item-600\" class=\"menu-item menu-item-type-post_type menu-item-object-page menu-item-600\"><a href=\"https:\/\/www.untels.edu.pe\/vicerrectoradodeinvestigacion\/publicaciones\/biblioteca-virtual\/\">Biblioteca Virtual<\/a><\/li>\n\t<li id=\"menu-item-599\" class=\"menu-item menu-item-type-post_type menu-item-object-page menu-item-599\"><a href=\"https:\/\/www.untels.edu.pe\/vicerrectoradodeinvestigacion\/publicaciones\/boletin-informativo\/\">Bolet\u00edn Informativo<\/a><\/li>\n\t<li id=\"menu-item-608\" class=\"menu-item menu-item-type-post_type menu-item-object-page menu-item-608\"><a href=\"https:\/\/www.untels.edu.pe\/vicerrectoradodeinvestigacion\/eventos\/eventos-de-divulgacion\/\">Eventos de Divulgaci\u00f3n<\/a><\/li>\n\t<li id=\"menu-item-598\" class=\"menu-item menu-item-type-post_type menu-item-object-page menu-item-598\"><a href=\"https:\/\/www.untels.edu.pe\/vicerrectoradodeinvestigacion\/publicaciones\/videoteca\/\">Videoteca<\/a><\/li>\n<\/ul>\n<\/li>\n<li id=\"menu-item-603\" class=\"menu-item menu-item-type-custom menu-item-object-custom menu-item-has-children menu-item-603\"><a href=\"#\" aria-haspopup=\"true\" aria-expanded=\"false\">Convenios VRI<\/a>\n<ul class=\"sub-menu\">\n\t<li id=\"menu-item-1297\" class=\"menu-item menu-item-type-post_type menu-item-object-page menu-item-1297\"><a href=\"https:\/\/www.untels.edu.pe\/vicerrectoradodeinvestigacion\/eventos\/eventos-de-divulgacion\/\">Convenios VRI<\/a><\/li>\n<\/ul>\n<\/li>\n<li id=\"menu-item-1240\" class=\"menu-item menu-item-type-custom menu-item-object-custom menu-item-1240\"><a href=\"http:\/\/fondoeditorial.untels.edu.pe\/\">Fondo Editorial<\/a><\/li>\n<li id=\"menu-item-1769\" class=\"menu-item menu-item-type-custom menu-item-object-custom menu-item-1769\"><a href=\"https:\/\/consultauntels.com\/\">Valida tu Certificado<\/a><\/li>\n<\/ul>                <button class=\"eael-simple-menu-toggle\">\n                    <i aria-hidden=\"true\" class=\"fas fa-bars\"><\/i>                <\/button>\n            <\/div>\n            \t\t<\/div>\n\t\t\t\t<\/div>\n\t\t\t\t\t<\/div>\n\t\t<\/div>\n\t\t\t\t\t\t\t<\/div>\n\t\t<\/section>\n\t\t\t\t<section class=\"elementor-section elementor-top-section elementor-element elementor-element-ba19229 elementor-section-content-middle elementor-section-boxed elementor-section-height-default elementor-section-height-default\" data-id=\"ba19229\" data-element_type=\"section\" data-settings=\"{&quot;background_background&quot;:&quot;classic&quot;}\">\n\t\t\t\t\t\t<div class=\"elementor-container elementor-column-gap-no\">\n\t\t\t\t\t<div class=\"elementor-column elementor-col-33 elementor-top-column elementor-element elementor-element-fe5fed4\" data-id=\"fe5fed4\" data-element_type=\"column\">\n\t\t\t<div class=\"elementor-widget-wrap elementor-element-populated\">\n\t\t\t\t\t\t\t\t<div class=\"elementor-element elementor-element-a1ad61c elementor-widget elementor-widget-image\" data-id=\"a1ad61c\" data-element_type=\"widget\" data-widget_type=\"image.default\">\n\t\t\t\t<div class=\"elementor-widget-container\">\n\t\t\t\t\t\t\t\t\t\t\t\t\t\t\t<img loading=\"lazy\" decoding=\"async\" width=\"600\" height=\"600\" src=\"https:\/\/www.untels.edu.pe\/vicerrectoradodeinvestigacion\/wp-content\/uploads\/2020\/06\/imagenes-de-tecnologia-png-4.png\" class=\"attachment-full size-full wp-image-426\" alt=\"\" srcset=\"https:\/\/www.untels.edu.pe\/vicerrectoradodeinvestigacion\/wp-content\/uploads\/2020\/06\/imagenes-de-tecnologia-png-4.png 600w, https:\/\/www.untels.edu.pe\/vicerrectoradodeinvestigacion\/wp-content\/uploads\/2020\/06\/imagenes-de-tecnologia-png-4-300x300.png 300w, https:\/\/www.untels.edu.pe\/vicerrectoradodeinvestigacion\/wp-content\/uploads\/2020\/06\/imagenes-de-tecnologia-png-4-150x150.png 150w\" sizes=\"(max-width: 34.9rem) calc(100vw - 2rem), (max-width: 53rem) calc(8 * (100vw \/ 12)), (min-width: 53rem) calc(6 * (100vw \/ 12)), 100vw\" \/>\t\t\t\t\t\t\t\t\t\t\t\t\t\t\t<\/div>\n\t\t\t\t<\/div>\n\t\t\t\t<div class=\"elementor-element elementor-element-d05f0d1 elementor-widget elementor-widget-heading\" data-id=\"d05f0d1\" data-element_type=\"widget\" data-widget_type=\"heading.default\">\n\t\t\t\t<div class=\"elementor-widget-container\">\n\t\t\t<p class=\"elementor-heading-title elementor-size-default\">Convocatoria de Concurso de  Proyectos de Investigaci\u00f3n<\/p>\t\t<\/div>\n\t\t\t\t<\/div>\n\t\t\t\t<div class=\"elementor-element elementor-element-bcaf119 elementor-widget elementor-widget-text-editor\" data-id=\"bcaf119\" data-element_type=\"widget\" data-widget_type=\"text-editor.default\">\n\t\t\t\t<div class=\"elementor-widget-container\">\n\t\t\t\t\t\t\t<p>El acuerdo de Comisi\u00f3n Organizadora de fecha 17 de octubre de 2020, mediante el cual se dispone: APROBAR las<br \/>Bases y la Convocatoria de Concurso de Proyectos de Investigaci\u00f3n para el Desarrollo de la Ciencia, Tecnolog\u00eda e<br \/>Innovaci\u00f3n UNTELS, modalidad \u201cSin Financiamiento\u201d, presentado por la Vicepresidencia de Investigaci\u00f3n,<\/p>\t\t\t\t\t\t<\/div>\n\t\t\t\t<\/div>\n\t\t\t\t<div class=\"elementor-element elementor-element-a4d4d79 elementor-mobile-align-justify elementor-align-center elementor-widget elementor-widget-button\" data-id=\"a4d4d79\" data-element_type=\"widget\" data-widget_type=\"button.default\">\n\t\t\t\t<div class=\"elementor-widget-container\">\n\t\t\t\t\t<div class=\"elementor-button-wrapper\">\n\t\t\t<a class=\"elementor-button elementor-button-link elementor-size-sm\" href=\"https:\/\/drive.google.com\/file\/d\/1qC70liWl8GZTy9_CwepgYTBr-3rrnsuX\/view?usp=sharing\" target=\"_blank\">\n\t\t\t\t\t\t<span class=\"elementor-button-content-wrapper\">\n\t\t\t\t\t\t<span class=\"elementor-button-text\">LEER M\u00c1S<\/span>\n\t\t<\/span>\n\t\t\t\t\t<\/a>\n\t\t<\/div>\n\t\t\t\t<\/div>\n\t\t\t\t<\/div>\n\t\t\t\t\t<\/div>\n\t\t<\/div>\n\t\t\t\t<div class=\"elementor-column elementor-col-33 elementor-top-column elementor-element elementor-element-cac96fa\" data-id=\"cac96fa\" data-element_type=\"column\">\n\t\t\t<div class=\"elementor-widget-wrap elementor-element-populated\">\n\t\t\t\t\t\t\t\t<div class=\"elementor-element elementor-element-4722f85 elementor-widget elementor-widget-image\" data-id=\"4722f85\" data-element_type=\"widget\" data-widget_type=\"image.default\">\n\t\t\t\t<div class=\"elementor-widget-container\">\n\t\t\t\t\t\t\t\t\t\t\t\t\t\t\t<img loading=\"lazy\" decoding=\"async\" width=\"600\" height=\"600\" src=\"https:\/\/www.untels.edu.pe\/vicerrectoradodeinvestigacion\/wp-content\/uploads\/2020\/06\/imagenes-de-tecnologia-png-4.png\" class=\"attachment-full size-full wp-image-426\" alt=\"\" srcset=\"https:\/\/www.untels.edu.pe\/vicerrectoradodeinvestigacion\/wp-content\/uploads\/2020\/06\/imagenes-de-tecnologia-png-4.png 600w, https:\/\/www.untels.edu.pe\/vicerrectoradodeinvestigacion\/wp-content\/uploads\/2020\/06\/imagenes-de-tecnologia-png-4-300x300.png 300w, https:\/\/www.untels.edu.pe\/vicerrectoradodeinvestigacion\/wp-content\/uploads\/2020\/06\/imagenes-de-tecnologia-png-4-150x150.png 150w\" sizes=\"(max-width: 34.9rem) calc(100vw - 2rem), (max-width: 53rem) calc(8 * (100vw \/ 12)), (min-width: 53rem) calc(6 * (100vw \/ 12)), 100vw\" \/>\t\t\t\t\t\t\t\t\t\t\t\t\t\t\t<\/div>\n\t\t\t\t<\/div>\n\t\t\t\t<div class=\"elementor-element elementor-element-9613583 elementor-widget elementor-widget-heading\" data-id=\"9613583\" data-element_type=\"widget\" data-widget_type=\"heading.default\">\n\t\t\t\t<div class=\"elementor-widget-container\">\n\t\t\t<p class=\"elementor-heading-title elementor-size-default\">Convocatoria 2021 Doctorado Universidad de Celaya (M\u00e9xico)<\/p>\t\t<\/div>\n\t\t\t\t<\/div>\n\t\t\t\t<div class=\"elementor-element elementor-element-1c272b9 elementor-widget elementor-widget-text-editor\" data-id=\"1c272b9\" data-element_type=\"widget\" data-widget_type=\"text-editor.default\">\n\t\t\t\t<div class=\"elementor-widget-container\">\n\t\t\t\t\t\t\t<p>El objetivo del Doctorado en Administraci\u00f3n y Desarrollo es formar investigadores que tengan la capacidad de generar conocimiento y modelos para innovar y desarrollar negocios y proyectos nuevos y existentes. Su preparaci\u00f3n estar\u00e1 soportada en la investigaci\u00f3n<\/p>\t\t\t\t\t\t<\/div>\n\t\t\t\t<\/div>\n\t\t\t\t<div class=\"elementor-element elementor-element-413d159 elementor-mobile-align-justify elementor-align-center elementor-widget elementor-widget-button\" data-id=\"413d159\" data-element_type=\"widget\" data-widget_type=\"button.default\">\n\t\t\t\t<div class=\"elementor-widget-container\">\n\t\t\t\t\t<div class=\"elementor-button-wrapper\">\n\t\t\t<a class=\"elementor-button elementor-button-link elementor-size-sm\" href=\"https:\/\/drive.google.com\/file\/d\/1-E1-9oN9amYR9Z2fJO-yAYLgOuymV2E4\/view?usp=sharing\" target=\"_blank\">\n\t\t\t\t\t\t<span class=\"elementor-button-content-wrapper\">\n\t\t\t\t\t\t<span class=\"elementor-button-text\">LEER M\u00c1S<\/span>\n\t\t<\/span>\n\t\t\t\t\t<\/a>\n\t\t<\/div>\n\t\t\t\t<\/div>\n\t\t\t\t<\/div>\n\t\t\t\t\t<\/div>\n\t\t<\/div>\n\t\t\t\t<div class=\"elementor-column elementor-col-33 elementor-top-column elementor-element elementor-element-22763af\" data-id=\"22763af\" data-element_type=\"column\">\n\t\t\t<div class=\"elementor-widget-wrap elementor-element-populated\">\n\t\t\t\t\t\t\t\t<div class=\"elementor-element elementor-element-c744121 elementor-widget elementor-widget-image\" data-id=\"c744121\" data-element_type=\"widget\" data-widget_type=\"image.default\">\n\t\t\t\t<div class=\"elementor-widget-container\">\n\t\t\t\t\t\t\t\t\t\t\t\t\t\t\t<img loading=\"lazy\" decoding=\"async\" width=\"600\" height=\"600\" src=\"https:\/\/www.untels.edu.pe\/vicerrectoradodeinvestigacion\/wp-content\/uploads\/2020\/06\/imagenes-de-tecnologia-png-4.png\" class=\"attachment-full size-full wp-image-426\" alt=\"\" srcset=\"https:\/\/www.untels.edu.pe\/vicerrectoradodeinvestigacion\/wp-content\/uploads\/2020\/06\/imagenes-de-tecnologia-png-4.png 600w, https:\/\/www.untels.edu.pe\/vicerrectoradodeinvestigacion\/wp-content\/uploads\/2020\/06\/imagenes-de-tecnologia-png-4-300x300.png 300w, https:\/\/www.untels.edu.pe\/vicerrectoradodeinvestigacion\/wp-content\/uploads\/2020\/06\/imagenes-de-tecnologia-png-4-150x150.png 150w\" sizes=\"(max-width: 34.9rem) calc(100vw - 2rem), (max-width: 53rem) calc(8 * (100vw \/ 12)), (min-width: 53rem) calc(6 * (100vw \/ 12)), 100vw\" \/>\t\t\t\t\t\t\t\t\t\t\t\t\t\t\t<\/div>\n\t\t\t\t<\/div>\n\t\t\t\t<div class=\"elementor-element elementor-element-d266fc6 elementor-widget elementor-widget-heading\" data-id=\"d266fc6\" data-element_type=\"widget\" data-widget_type=\"heading.default\">\n\t\t\t\t<div class=\"elementor-widget-container\">\n\t\t\t<p class=\"elementor-heading-title elementor-size-default\">I Congreso Internacional deCiencia, Tecnolog\u00eda e\n\nInnovaci\u00f3n UNTELS \u2013 CICTI 2020<\/p>\t\t<\/div>\n\t\t\t\t<\/div>\n\t\t\t\t<div class=\"elementor-element elementor-element-176e0e0 elementor-widget elementor-widget-text-editor\" data-id=\"176e0e0\" data-element_type=\"widget\" data-widget_type=\"text-editor.default\">\n\t\t\t\t<div class=\"elementor-widget-container\">\n\t\t\t\t\t\t\t<p>La Vicepresidencia de Investigaci\u00f3n de la Universidad Nacional Tecnol\u00f3gica de Lima Sur<br \/>(UNTELS), ha organizado este espacio de Encuentro de Investigadores que adelantan diferentes<br \/>actividades de investigaci\u00f3n alrededor de la relaci\u00f3n entre: ciencia, tecnolog\u00eda, innovaci\u00f3n,<br \/>emprendimiento y sociedad, con el fin de socializar los resultados,<\/p>\t\t\t\t\t\t<\/div>\n\t\t\t\t<\/div>\n\t\t\t\t<div class=\"elementor-element elementor-element-5f50a73 elementor-mobile-align-justify elementor-align-center elementor-widget elementor-widget-button\" data-id=\"5f50a73\" data-element_type=\"widget\" data-widget_type=\"button.default\">\n\t\t\t\t<div class=\"elementor-widget-container\">\n\t\t\t\t\t<div class=\"elementor-button-wrapper\">\n\t\t\t<a class=\"elementor-button elementor-button-link elementor-size-sm\" href=\"https:\/\/drive.google.com\/file\/d\/1hyX4GwS8F_49sWABCknVCHQNO81BWvId\/view?usp=sharing\" target=\"_blank\">\n\t\t\t\t\t\t<span class=\"elementor-button-content-wrapper\">\n\t\t\t\t\t\t<span class=\"elementor-button-text\">LEER M\u00c1S<\/span>\n\t\t<\/span>\n\t\t\t\t\t<\/a>\n\t\t<\/div>\n\t\t\t\t<\/div>\n\t\t\t\t<\/div>\n\t\t\t\t\t<\/div>\n\t\t<\/div>\n\t\t\t\t\t\t\t<\/div>\n\t\t<\/section>\n\t\t\t\t<section class=\"elementor-section elementor-top-section elementor-element elementor-element-2f40308 elementor-section-full_width elementor-section-height-default elementor-section-height-default\" data-id=\"2f40308\" data-element_type=\"section\">\n\t\t\t\t\t\t<div class=\"elementor-container elementor-column-gap-default\">\n\t\t\t\t\t<div class=\"elementor-column elementor-col-100 elementor-top-column elementor-element elementor-element-f5a9a6b\" data-id=\"f5a9a6b\" data-element_type=\"column\">\n\t\t\t<div class=\"elementor-widget-wrap\">\n\t\t\t\t\t\t\t\t\t<\/div>\n\t\t<\/div>\n\t\t\t\t\t\t\t<\/div>\n\t\t<\/section>\n\t\t\t\t\t\t\t<\/div>\n\t\t","protected":false},"excerpt":{"rendered":"<p>Inicio Nosotros Sobre el VRI \u2013 UNTELS Organizaci\u00f3n Directorio Normas de Investigaci\u00f3n Investigadores Capacitaciones de los Investigadores Investigadores UNTELS \u00c1reas de Investigaci\u00f3n Grupos de Investigaci\u00f3n Portal de Investigadores Producci\u00f3n Cientifica Art\u00edculos Cient\u00edficos Proyectos UNTELS Proyectos FONDECYT Convocatoria &#8211; Concursos Patentes Publicaciones Revista Cient\u00edfica UNTELS Biblioteca Virtual Bolet\u00edn Informativo Eventos de Divulgaci\u00f3n Videoteca Convenios VPI Convenios &hellip; <\/p>\n<p class=\"link-more\"><a href=\"https:\/\/www.untels.edu.pe\/vicerrectoradodeinvestigacion\/investigadores\/portal-de-investigadores\/\" class=\"more-link\">Continuar leyendo<span class=\"screen-reader-text\"> &#8220;Portal de Investigadores&#8221;<\/span><\/a><\/p>\n","protected":false},"author":1,"featured_media":0,"parent":184,"menu_order":11,"comment_status":"closed","ping_status":"closed","template":"elementor_canvas","meta":{"_acf_changed":false,"_eb_attr":"","footnotes":""},"acf":[],"_links":{"self":[{"href":"https:\/\/www.untels.edu.pe\/vicerrectoradodeinvestigacion\/wp-json\/wp\/v2\/pages\/247"}],"collection":[{"href":"https:\/\/www.untels.edu.pe\/vicerrectoradodeinvestigacion\/wp-json\/wp\/v2\/pages"}],"about":[{"href":"https:\/\/www.untels.edu.pe\/vicerrectoradodeinvestigacion\/wp-json\/wp\/v2\/types\/page"}],"author":[{"embeddable":true,"href":"https:\/\/www.untels.edu.pe\/vicerrectoradodeinvestigacion\/wp-json\/wp\/v2\/users\/1"}],"replies":[{"embeddable":true,"href":"https:\/\/www.untels.edu.pe\/vicerrectoradodeinvestigacion\/wp-json\/wp\/v2\/comments?post=247"}],"version-history":[{"count":19,"href":"https:\/\/www.untels.edu.pe\/vicerrectoradodeinvestigacion\/wp-json\/wp\/v2\/pages\/247\/revisions"}],"predecessor-version":[{"id":1456,"href":"https:\/\/www.untels.edu.pe\/vicerrectoradodeinvestigacion\/wp-json\/wp\/v2\/pages\/247\/revisions\/1456"}],"up":[{"embeddable":true,"href":"https:\/\/www.untels.edu.pe\/vicerrectoradodeinvestigacion\/wp-json\/wp\/v2\/pages\/184"}],"wp:attachment":[{"href":"https:\/\/www.untels.edu.pe\/vicerrectoradodeinvestigacion\/wp-json\/wp\/v2\/media?parent=247"}],"curies":[{"name":"wp","href":"https:\/\/api.w.org\/{rel}","templated":true}]}}